{"id":12,"date":"2023-05-09T19:30:22","date_gmt":"2023-05-09T18:30:22","guid":{"rendered":"https:\/\/store.blutronics.com\/?page_id=12"},"modified":"2023-05-10T07:58:46","modified_gmt":"2023-05-10T06:58:46","slug":"return-policy","status":"publish","type":"page","link":"https:\/\/store.blutronics.com\/fr\/return-policy\/","title":{"rendered":"Politique de retour"},"content":{"rendered":"\r\n<h1 class=\"wp-block-heading\"><strong>POLITIQUE DE RETOUR<\/strong><\/h1>\r\n\r\n\r\n\r\n<p>Tous nos produits sont garantis par la loi 24 mois pour les utilisateurs finaux et 12 mois pour les utilisateurs professionnels.<\/p>\r\n\r\n\r\n\r\n<p>Le support technique de nos produits est offert pendant tout le cycle de vie des appareils et est assur\u00e9 via la plateforme de support accessible via le lienhttps:\/\/support.blutronics.com<\/p>\r\n\r\n\r\n\r\n<p>Nous encourageons nos clients \u00e0 consulter cette plateforme en cas de doutes et\/ou de probl\u00e8mes d&rsquo;utilisation.<\/p>\r\n\r\n\r\n\r\n<p>Compte tenu de tout ce qui pr\u00e9c\u00e8de, nous reconnaissons le droit de retour du client pr\u00e9vu par la r\u00e9glementation sur les achats \u00e0 distance.<\/p>\r\n\r\n\r\n\r\n<p>Le client final peut ensuite effectuer un retour dans les 14 jours suivant l&rsquo;achat en faisant une demande via le <a href=\"https:\/\/store.blutronics.com\/contact-us\/\" data-type=\"page\" data-id=\"243\">Formulaire de contact<\/a>, et notre personnel prendra en charge et g\u00e9rera votre demande<\/p>\r\n\r\n\r\n\r\n<p><\/p>\r\n","protected":false},"excerpt":{"rendered":"<p>POLITIQUE DE RETOUR Tous nos produits sont garantis par la loi 24 mois pour les utilisateurs finaux et 12 mois pour les utilisateurs professionnels. Le support technique de nos produits est offert pendant tout le cycle de vie des appareils et est assur\u00e9 via la plateforme de support accessible via le lienhttps:\/\/support.blutronics.com Nous encourageons nos [&hellip;]<\/p>\n","protected":false},"author":1,"featured_media":0,"parent":0,"menu_order":0,"comment_status":"closed","ping_status":"closed","template":"","meta":{"footnotes":""},"class_list":["post-12","page","type-page","status-publish","hentry","post"],"yoast_head":"<!-- This site is optimized with the Yoast SEO plugin v27.1.1 - https:\/\/yoast.com\/product\/yoast-seo-wordpress\/ -->\n<title>Politique de retour<\/title>\n<meta name=\"description\" content=\"POLITIQUE DE RETOUR Tous nos produits sont garantis par la loi 24 mois pour les utilisateurs finaux et 12 mois pour les utilisateurs professionnels. Le support technique de nos produits est offert pendant tout le cycle de vie des appareils et est assur\u00e9 via la plateforme de support accessible via le lienhttps:\/\/support.blutronics.com Nous encourageons nos\u2026\" \/>\n<meta name=\"robots\" content=\"index, follow, max-snippet:-1, max-image-preview:large, max-video-preview:-1\" \/>\n<link rel=\"canonical\" href=\"\" \/>\n<meta property=\"og:locale\" content=\"fr_FR\" \/>\n<meta property=\"og:type\" content=\"article\" \/>\n<meta property=\"og:title\" content=\"Politique de retour\" \/>\n<meta property=\"og:description\" content=\"POLITIQUE DE RETOUR Tous nos produits sont garantis par la loi 24 mois pour les utilisateurs finaux et 12 mois pour les utilisateurs professionnels. Le support technique de nos produits est offert pendant tout le cycle de vie des appareils et est assur\u00e9 via la plateforme de support accessible via le lienhttps:\/\/support.blutronics.com Nous encourageons nos\u2026\" \/>\n<meta property=\"og:url\" content=\"https:\/\/store.blutronics.com\/fr\/return-policy\/\" \/>\n<meta property=\"og:site_name\" content=\"Smart Card Readers ISO7816 NFC | Official Store\" \/>\n<meta property=\"article:modified_time\" content=\"2023-05-10T06:58:46+00:00\" \/>\n<meta name=\"twitter:card\" content=\"summary_large_image\" \/>\n<meta name=\"twitter:label1\" content=\"Est. reading time\" \/>\n\t<meta name=\"twitter:data1\" content=\"1 minute\" \/>\n<script type=\"application\/ld+json\" class=\"yoast-schema-graph\">{\"@context\":\"https:\/\/schema.org\",\"@graph\":[{\"@type\":\"WebPage\",\"@id\":\"https:\/\/store.blutronics.com\/fr\/return-policy\/\",\"url\":\"https:\/\/store.blutronics.com\/fr\/return-policy\/\",\"name\":\"Returns Policy - Smart Card Readers ISO7816 NFC | Official Store\",\"isPartOf\":{\"@id\":\"https:\/\/store.blutronics.com\/#website\"},\"datePublished\":\"2023-05-09T18:30:22+00:00\",\"dateModified\":\"2023-05-10T06:58:46+00:00\",\"breadcrumb\":{\"@id\":\"https:\/\/store.blutronics.com\/fr\/return-policy\/#breadcrumb\"},\"inLanguage\":\"fr-FR\",\"potentialAction\":[{\"@type\":\"ReadAction\",\"target\":[\"https:\/\/store.blutronics.com\/fr\/return-policy\/\"]}]},{\"@type\":\"BreadcrumbList\",\"@id\":\"https:\/\/store.blutronics.com\/fr\/return-policy\/#breadcrumb\",\"itemListElement\":[{\"@type\":\"ListItem\",\"position\":1,\"name\":\"Blutronics\",\"item\":\"https:\/\/store.blutronics.com\/\"},{\"@type\":\"ListItem\",\"position\":2,\"name\":\"Politique de retour\"}]},{\"@type\":\"WebSite\",\"@id\":\"https:\/\/store.blutronics.com\/fr\/#website\",\"url\":\"https:\/\/store.blutronics.com\/fr\/\",\"name\":\"store.blutronics.com\",\"description\":\"\",\"publisher\":{\"@id\":\"https:\/\/store.blutronics.com\/fr\/#organization\"},\"potentialAction\":[{\"@type\":\"SearchAction\",\"target\":{\"@type\":\"EntryPoint\",\"urlTemplate\":\"https:\/\/store.blutronics.com\/fr\/?s={search_term_string}\"},\"query-input\":{\"@type\":\"PropertyValueSpecification\",\"valueRequired\":true,\"valueName\":\"search_term_string\"}}],\"inLanguage\":\"fr-FR\"},{\"@type\":\"Organization\",\"@id\":\"https:\/\/store.blutronics.com\/fr\/#organization\",\"name\":\"BLUTRONICS\",\"alternateName\":\"BLUTRONICS\",\"url\":\"https:\/\/store.blutronics.com\/fr\/\",\"logo\":{\"@type\":\"ImageObject\",\"inLanguage\":\"fr-FR\",\"@id\":\"https:\/\/store.blutronics.com\/fr\/#\/schema\/logo\/image\/\",\"url\":\"https:\/\/store.blutronics.com\/wp-content\/uploads\/2023\/06\/header_logo_black_300.webp\",\"contentUrl\":\"https:\/\/store.blutronics.com\/wp-content\/uploads\/2023\/06\/header_logo_black_300.webp\",\"width\":300,\"height\":32,\"caption\":\"BLUTRONICS\"},\"image\":{\"@id\":\"https:\/\/store.blutronics.com\/fr\/#\/schema\/logo\/image\/\"}}]}<\/script>\n<!-- \/ Yoast SEO plugin. -->","yoast_head_json":{"title":"Politique de retour","description":"POLITIQUE DE RETOUR Tous nos produits sont garantis par la loi 24 mois pour les utilisateurs finaux et 12 mois pour les utilisateurs professionnels. Le support technique de nos produits est offert pendant tout le cycle de vie des appareils et est assur\u00e9 via la plateforme de support accessible via le lienhttps:\/\/support.blutronics.com Nous encourageons nos\u2026","robots":{"index":"index","follow":"follow","max-snippet":"max-snippet:-1","max-image-preview":"max-image-preview:large","max-video-preview":"max-video-preview:-1"},"canonical":"POLITIQUE DE RETOUR Tous nos produits sont garantis par la loi 24 mois pour les utilisateurs finaux et 12 mois pour les utilisateurs professionnels. Le support technique de nos produits est offert pendant tout le cycle de vie des appareils et est assur\u00e9 via la plateforme de support accessible via le lienhttps:\/\/support.blutronics.com Nous encourageons nos\u2026","og_locale":"fr_FR","og_type":"article","og_title":"Politique de retour","og_description":"POLITIQUE DE RETOUR Tous nos produits sont garantis par la loi 24 mois pour les utilisateurs finaux et 12 mois pour les utilisateurs professionnels. Le support technique de nos produits est offert pendant tout le cycle de vie des appareils et est assur\u00e9 via la plateforme de support accessible via le lienhttps:\/\/support.blutronics.com Nous encourageons nos\u2026","og_url":"https:\/\/store.blutronics.com\/fr\/return-policy\/","og_site_name":"Smart Card Readers ISO7816 NFC | Official Store","article_modified_time":"2023-05-10T06:58:46+00:00","twitter_card":"summary_large_image","twitter_misc":{"Est. reading time":"1 minute"},"schema":{"@context":"https:\/\/schema.org","@graph":[{"@type":"WebPage","@id":"https:\/\/store.blutronics.com\/fr\/return-policy\/","url":"https:\/\/store.blutronics.com\/fr\/return-policy\/","name":"Returns Policy - Smart Card Readers ISO7816 NFC | Official Store","isPartOf":{"@id":"https:\/\/store.blutronics.com\/#website"},"datePublished":"2023-05-09T18:30:22+00:00","dateModified":"2023-05-10T06:58:46+00:00","breadcrumb":{"@id":"https:\/\/store.blutronics.com\/fr\/return-policy\/#breadcrumb"},"inLanguage":"fr-FR","potentialAction":[{"@type":"ReadAction","target":["https:\/\/store.blutronics.com\/fr\/return-policy\/"]}]},{"@type":"BreadcrumbList","@id":"https:\/\/store.blutronics.com\/fr\/return-policy\/#breadcrumb","itemListElement":[{"@type":"ListItem","position":1,"name":"Blutronics","item":"https:\/\/store.blutronics.com\/"},{"@type":"ListItem","position":2,"name":"Politique de retour"}]},{"@type":"WebSite","@id":"https:\/\/store.blutronics.com\/fr\/#website","url":"https:\/\/store.blutronics.com\/fr\/","name":"store.blutronics.com","description":"","publisher":{"@id":"https:\/\/store.blutronics.com\/fr\/#organization"},"potentialAction":[{"@type":"SearchAction","target":{"@type":"EntryPoint","urlTemplate":"https:\/\/store.blutronics.com\/fr\/?s={search_term_string}"},"query-input":{"@type":"PropertyValueSpecification","valueRequired":true,"valueName":"search_term_string"}}],"inLanguage":"fr-FR"},{"@type":"Organization","@id":"https:\/\/store.blutronics.com\/fr\/#organization","name":"BLUTRONICS","alternateName":"BLUTRONICS","url":"https:\/\/store.blutronics.com\/fr\/","logo":{"@type":"ImageObject","inLanguage":"fr-FR","@id":"https:\/\/store.blutronics.com\/fr\/#\/schema\/logo\/image\/","url":"https:\/\/store.blutronics.com\/wp-content\/uploads\/2023\/06\/header_logo_black_300.webp","contentUrl":"https:\/\/store.blutronics.com\/wp-content\/uploads\/2023\/06\/header_logo_black_300.webp","width":300,"height":32,"caption":"BLUTRONICS"},"image":{"@id":"https:\/\/store.blutronics.com\/fr\/#\/schema\/logo\/image\/"}}]}},"_links":{"self":[{"href":"https:\/\/store.blutronics.com\/fr\/wp-json\/wp\/v2\/pages\/12","targetHints":{"allow":["GET"]}}],"collection":[{"href":"https:\/\/store.blutronics.com\/fr\/wp-json\/wp\/v2\/pages"}],"about":[{"href":"https:\/\/store.blutronics.com\/fr\/wp-json\/wp\/v2\/types\/page"}],"author":[{"embeddable":true,"href":"https:\/\/store.blutronics.com\/fr\/wp-json\/wp\/v2\/users\/1"}],"replies":[{"embeddable":true,"href":"https:\/\/store.blutronics.com\/fr\/wp-json\/wp\/v2\/comments?post=12"}],"version-history":[{"count":0,"href":"https:\/\/store.blutronics.com\/fr\/wp-json\/wp\/v2\/pages\/12\/revisions"}],"wp:attachment":[{"href":"https:\/\/store.blutronics.com\/fr\/wp-json\/wp\/v2\/media?parent=12"}],"curies":[{"name":"wp","href":"https:\/\/api.w.org\/{rel}","templated":true}]}}