{"id":128,"date":"2023-05-08T16:38:10","date_gmt":"2023-05-08T15:38:10","guid":{"rendered":"https:\/\/store.blutronics.com\/en\/?page_id=128"},"modified":"2023-05-09T19:33:39","modified_gmt":"2023-05-09T18:33:39","slug":"payments-methods","status":"publish","type":"page","link":"https:\/\/store.blutronics.com\/fr\/payments-methods\/","title":{"rendered":"Modes de paiement"},"content":{"rendered":"\r\n<h1 class=\"wp-block-heading\"><strong>MODES DE PAIEMENT<\/strong><\/h1>\r\n\r\n\r\n\r\n<p>BOLT SRL utilise la plateforme de paiement Paypal<\/p>\r\n\r\n\r\n\r\n<p>Vous pouvez effectuer le paiement en acc\u00e9dant \u00e0 votre compte Paypal ou en saisissant les d\u00e9tails de votre carte de cr\u00e9dit sans vous connecter<\/p>\r\n\r\n\r\n\r\n<p>Toutes les cartes fonctionnant avec les circuits Visa, Mastercard, American Express et Postepay seront accept\u00e9es.<\/p>\r\n\r\n\r\n\r\n<figure class=\"wp-block-image size-full\"><img loading=\"lazy\" decoding=\"async\" width=\"698\" height=\"80\" src=\"https:\/\/store.blutronics.com\/wp-content\/uploads\/2023\/05\/banner-payment.webp\" alt=\"\" class=\"wp-image-162\" srcset=\"https:\/\/store.blutronics.com\/wp-content\/uploads\/2023\/05\/banner-payment.webp 698w, https:\/\/store.blutronics.com\/wp-content\/uploads\/2023\/05\/banner-payment-300x34.webp 300w\" sizes=\"auto, (max-width: 698px) 100vw, 698px\" \/><\/figure>\r\n\r\n\r\n\r\n<p><\/p>\r\n","protected":false},"excerpt":{"rendered":"<p>MODES DE PAIEMENT BOLT SRL utilise la plateforme de paiement Paypal Vous pouvez effectuer le paiement en acc\u00e9dant \u00e0 votre compte Paypal ou en saisissant les d\u00e9tails de votre carte de cr\u00e9dit sans vous connecter Toutes les cartes fonctionnant avec les circuits Visa, Mastercard, American Express et Postepay seront accept\u00e9es.<\/p>\n","protected":false},"author":1,"featured_media":0,"parent":0,"menu_order":0,"comment_status":"closed","ping_status":"closed","template":"","meta":{"footnotes":""},"class_list":["post-128","page","type-page","status-publish","hentry","post"],"yoast_head":"<!-- This site is optimized with the Yoast SEO plugin v27.1.1 - https:\/\/yoast.com\/product\/yoast-seo-wordpress\/ -->\n<title>Modes de paiement<\/title>\n<meta name=\"description\" content=\"MODES DE PAIEMENT BOLT SRL utilise la plateforme de paiement Paypal Vous pouvez effectuer le paiement en acc\u00e9dant \u00e0 votre compte Paypal ou en saisissant les d\u00e9tails de votre carte de cr\u00e9dit sans vous connecter Toutes les cartes fonctionnant avec les circuits Visa, Mastercard, American Express et Postepay seront accept\u00e9es.\" \/>\n<meta name=\"robots\" content=\"index, follow, max-snippet:-1, max-image-preview:large, max-video-preview:-1\" \/>\n<link rel=\"canonical\" href=\"http:\/\/MODES%20DE%20PAIEMENT%20BOLT%20SRL%20utilise%20la%20plateforme%20de%20paiement%20Paypal%20Vous%20pouvez%20effectuer%20le%20paiement%20en%20acc\u00e9dant%20\u00e0%20votre%20compte%20Paypal%20ou%20en%20saisissant%20les%20d\u00e9tails%20de%20votre%20carte%20de%20cr\u00e9dit%20sans%20vous%20connecter%20Toutes%20les%20cartes%20fonctionnant%20avec%20les%20circuits%20Visa,%20Mastercard,%20American%20Express%20et%20Postepay%20seront%20accept\u00e9es.\" \/>\n<meta property=\"og:locale\" content=\"fr_FR\" \/>\n<meta property=\"og:type\" content=\"article\" \/>\n<meta property=\"og:title\" content=\"Modes de paiement\" \/>\n<meta property=\"og:description\" content=\"MODES DE PAIEMENT BOLT SRL utilise la plateforme de paiement Paypal Vous pouvez effectuer le paiement en acc\u00e9dant \u00e0 votre compte Paypal ou en saisissant les d\u00e9tails de votre carte de cr\u00e9dit sans vous connecter Toutes les cartes fonctionnant avec les circuits Visa, Mastercard, American Express et Postepay seront accept\u00e9es.\" \/>\n<meta property=\"og:url\" content=\"https:\/\/store.blutronics.com\/fr\/payments-methods\/\" \/>\n<meta property=\"og:site_name\" content=\"Smart Card Readers ISO7816 NFC | Official Store\" \/>\n<meta property=\"article:modified_time\" content=\"2023-05-09T18:33:39+00:00\" \/>\n<meta property=\"og:image\" content=\"https:\/\/store.blutronics.com\/wp-content\/uploads\/2023\/05\/banner-payment.webp\" \/>\n<meta name=\"twitter:card\" content=\"summary_large_image\" \/>\n<script type=\"application\/ld+json\" class=\"yoast-schema-graph\">{\"@context\":\"https:\/\/schema.org\",\"@graph\":[{\"@type\":\"WebPage\",\"@id\":\"https:\/\/store.blutronics.com\/fr\/payments-methods\/\",\"url\":\"https:\/\/store.blutronics.com\/fr\/payments-methods\/\",\"name\":\"Payment Methods - Smart Card Readers ISO7816 NFC | Official Store\",\"isPartOf\":{\"@id\":\"https:\/\/store.blutronics.com\/#website\"},\"primaryImageOfPage\":{\"@id\":\"https:\/\/store.blutronics.com\/fr\/payments-methods\/#primaryimage\"},\"image\":{\"@id\":\"https:\/\/store.blutronics.com\/fr\/payments-methods\/#primaryimage\"},\"thumbnailUrl\":\"https:\/\/store.blutronics.com\/wp-content\/uploads\/2023\/05\/banner-payment.webp\",\"datePublished\":\"2023-05-08T15:38:10+00:00\",\"dateModified\":\"2023-05-09T18:33:39+00:00\",\"breadcrumb\":{\"@id\":\"https:\/\/store.blutronics.com\/fr\/payments-methods\/#breadcrumb\"},\"inLanguage\":\"fr-FR\",\"potentialAction\":[{\"@type\":\"ReadAction\",\"target\":[\"https:\/\/store.blutronics.com\/fr\/payments-methods\/\"]}]},{\"@type\":\"ImageObject\",\"inLanguage\":\"fr-FR\",\"@id\":\"https:\/\/store.blutronics.com\/fr\/payments-methods\/#primaryimage\",\"url\":\"https:\/\/store.blutronics.com\/wp-content\/uploads\/2023\/05\/banner-payment.webp\",\"contentUrl\":\"https:\/\/store.blutronics.com\/wp-content\/uploads\/2023\/05\/banner-payment.webp\"},{\"@type\":\"BreadcrumbList\",\"@id\":\"https:\/\/store.blutronics.com\/fr\/payments-methods\/#breadcrumb\",\"itemListElement\":[{\"@type\":\"ListItem\",\"position\":1,\"name\":\"Blutronics\",\"item\":\"https:\/\/store.blutronics.com\/\"},{\"@type\":\"ListItem\",\"position\":2,\"name\":\"Modes de paiement\"}]},{\"@type\":\"WebSite\",\"@id\":\"https:\/\/store.blutronics.com\/fr\/#website\",\"url\":\"https:\/\/store.blutronics.com\/fr\/\",\"name\":\"store.blutronics.com\",\"description\":\"\",\"publisher\":{\"@id\":\"https:\/\/store.blutronics.com\/fr\/#organization\"},\"potentialAction\":[{\"@type\":\"SearchAction\",\"target\":{\"@type\":\"EntryPoint\",\"urlTemplate\":\"https:\/\/store.blutronics.com\/fr\/?s={search_term_string}\"},\"query-input\":{\"@type\":\"PropertyValueSpecification\",\"valueRequired\":true,\"valueName\":\"search_term_string\"}}],\"inLanguage\":\"fr-FR\"},{\"@type\":\"Organization\",\"@id\":\"https:\/\/store.blutronics.com\/fr\/#organization\",\"name\":\"BLUTRONICS\",\"alternateName\":\"BLUTRONICS\",\"url\":\"https:\/\/store.blutronics.com\/fr\/\",\"logo\":{\"@type\":\"ImageObject\",\"inLanguage\":\"fr-FR\",\"@id\":\"https:\/\/store.blutronics.com\/fr\/#\/schema\/logo\/image\/\",\"url\":\"https:\/\/store.blutronics.com\/wp-content\/uploads\/2023\/06\/header_logo_black_300.webp\",\"contentUrl\":\"https:\/\/store.blutronics.com\/wp-content\/uploads\/2023\/06\/header_logo_black_300.webp\",\"width\":300,\"height\":32,\"caption\":\"BLUTRONICS\"},\"image\":{\"@id\":\"https:\/\/store.blutronics.com\/fr\/#\/schema\/logo\/image\/\"}}]}<\/script>\n<!-- \/ Yoast SEO plugin. -->","yoast_head_json":{"title":"Modes de paiement","description":"MODES DE PAIEMENT BOLT SRL utilise la plateforme de paiement Paypal Vous pouvez effectuer le paiement en acc\u00e9dant \u00e0 votre compte Paypal ou en saisissant les d\u00e9tails de votre carte de cr\u00e9dit sans vous connecter Toutes les cartes fonctionnant avec les circuits Visa, Mastercard, American Express et Postepay seront accept\u00e9es.","robots":{"index":"index","follow":"follow","max-snippet":"max-snippet:-1","max-image-preview":"max-image-preview:large","max-video-preview":"max-video-preview:-1"},"canonical":"MODES DE PAIEMENT BOLT SRL utilise la plateforme de paiement Paypal Vous pouvez effectuer le paiement en acc\u00e9dant \u00e0 votre compte Paypal ou en saisissant les d\u00e9tails de votre carte de cr\u00e9dit sans vous connecter Toutes les cartes fonctionnant avec les circuits Visa, Mastercard, American Express et Postepay seront accept\u00e9es.","og_locale":"fr_FR","og_type":"article","og_title":"Modes de paiement","og_description":"MODES DE PAIEMENT BOLT SRL utilise la plateforme de paiement Paypal Vous pouvez effectuer le paiement en acc\u00e9dant \u00e0 votre compte Paypal ou en saisissant les d\u00e9tails de votre carte de cr\u00e9dit sans vous connecter Toutes les cartes fonctionnant avec les circuits Visa, Mastercard, American Express et Postepay seront accept\u00e9es.","og_url":"https:\/\/store.blutronics.com\/fr\/payments-methods\/","og_site_name":"Smart Card Readers ISO7816 NFC | Official Store","article_modified_time":"2023-05-09T18:33:39+00:00","og_image":[{"url":"https:\/\/store.blutronics.com\/wp-content\/uploads\/2023\/05\/banner-payment.webp","type":"","width":"","height":""}],"twitter_card":"summary_large_image","schema":{"@context":"https:\/\/schema.org","@graph":[{"@type":"WebPage","@id":"https:\/\/store.blutronics.com\/fr\/payments-methods\/","url":"https:\/\/store.blutronics.com\/fr\/payments-methods\/","name":"Payment Methods - Smart Card Readers ISO7816 NFC | Official Store","isPartOf":{"@id":"https:\/\/store.blutronics.com\/#website"},"primaryImageOfPage":{"@id":"https:\/\/store.blutronics.com\/fr\/payments-methods\/#primaryimage"},"image":{"@id":"https:\/\/store.blutronics.com\/fr\/payments-methods\/#primaryimage"},"thumbnailUrl":"https:\/\/store.blutronics.com\/wp-content\/uploads\/2023\/05\/banner-payment.webp","datePublished":"2023-05-08T15:38:10+00:00","dateModified":"2023-05-09T18:33:39+00:00","breadcrumb":{"@id":"https:\/\/store.blutronics.com\/fr\/payments-methods\/#breadcrumb"},"inLanguage":"fr-FR","potentialAction":[{"@type":"ReadAction","target":["https:\/\/store.blutronics.com\/fr\/payments-methods\/"]}]},{"@type":"ImageObject","inLanguage":"fr-FR","@id":"https:\/\/store.blutronics.com\/fr\/payments-methods\/#primaryimage","url":"https:\/\/store.blutronics.com\/wp-content\/uploads\/2023\/05\/banner-payment.webp","contentUrl":"https:\/\/store.blutronics.com\/wp-content\/uploads\/2023\/05\/banner-payment.webp"},{"@type":"BreadcrumbList","@id":"https:\/\/store.blutronics.com\/fr\/payments-methods\/#breadcrumb","itemListElement":[{"@type":"ListItem","position":1,"name":"Blutronics","item":"https:\/\/store.blutronics.com\/"},{"@type":"ListItem","position":2,"name":"Modes de paiement"}]},{"@type":"WebSite","@id":"https:\/\/store.blutronics.com\/fr\/#website","url":"https:\/\/store.blutronics.com\/fr\/","name":"store.blutronics.com","description":"","publisher":{"@id":"https:\/\/store.blutronics.com\/fr\/#organization"},"potentialAction":[{"@type":"SearchAction","target":{"@type":"EntryPoint","urlTemplate":"https:\/\/store.blutronics.com\/fr\/?s={search_term_string}"},"query-input":{"@type":"PropertyValueSpecification","valueRequired":true,"valueName":"search_term_string"}}],"inLanguage":"fr-FR"},{"@type":"Organization","@id":"https:\/\/store.blutronics.com\/fr\/#organization","name":"BLUTRONICS","alternateName":"BLUTRONICS","url":"https:\/\/store.blutronics.com\/fr\/","logo":{"@type":"ImageObject","inLanguage":"fr-FR","@id":"https:\/\/store.blutronics.com\/fr\/#\/schema\/logo\/image\/","url":"https:\/\/store.blutronics.com\/wp-content\/uploads\/2023\/06\/header_logo_black_300.webp","contentUrl":"https:\/\/store.blutronics.com\/wp-content\/uploads\/2023\/06\/header_logo_black_300.webp","width":300,"height":32,"caption":"BLUTRONICS"},"image":{"@id":"https:\/\/store.blutronics.com\/fr\/#\/schema\/logo\/image\/"}}]}},"_links":{"self":[{"href":"https:\/\/store.blutronics.com\/fr\/wp-json\/wp\/v2\/pages\/128","targetHints":{"allow":["GET"]}}],"collection":[{"href":"https:\/\/store.blutronics.com\/fr\/wp-json\/wp\/v2\/pages"}],"about":[{"href":"https:\/\/store.blutronics.com\/fr\/wp-json\/wp\/v2\/types\/page"}],"author":[{"embeddable":true,"href":"https:\/\/store.blutronics.com\/fr\/wp-json\/wp\/v2\/users\/1"}],"replies":[{"embeddable":true,"href":"https:\/\/store.blutronics.com\/fr\/wp-json\/wp\/v2\/comments?post=128"}],"version-history":[{"count":0,"href":"https:\/\/store.blutronics.com\/fr\/wp-json\/wp\/v2\/pages\/128\/revisions"}],"wp:attachment":[{"href":"https:\/\/store.blutronics.com\/fr\/wp-json\/wp\/v2\/media?parent=128"}],"curies":[{"name":"wp","href":"https:\/\/api.w.org\/{rel}","templated":true}]}}