{"id":266,"date":"2023-05-10T10:06:52","date_gmt":"2023-05-10T09:06:52","guid":{"rendered":"https:\/\/store.blutronics.com\/?page_id=266"},"modified":"2023-05-10T10:11:18","modified_gmt":"2023-05-10T09:11:18","slug":"cookies-policy","status":"publish","type":"page","link":"https:\/\/store.blutronics.com\/fr\/cookies-policy\/","title":{"rendered":"Cookies Policy"},"content":{"rendered":"\r\n<h1 class=\"wp-block-heading\"><strong>Cookie Policy<\/strong><\/h1>\r\n\r\n\r\n\r\n<p>Effective Date: 01-Apr-2023<br>Last Updated: 06-Apr-2023<\/p>\r\n\r\n\r\n\r\n<p><strong>What are cookies? <\/strong><\/p>\r\n\r\n\r\n\r\n<p>Cette politique relative aux cookies explique ce que sont les cookies et comment nous les utilisons, les types de cookies que nous utilisons, c&rsquo;est-\u00e0-dire les informations que nous collectons \u00e0 l&rsquo;aide de cookies et comment ces informations sont utilis\u00e9es, et comment g\u00e9rer les param\u00e8tres des cookies. <\/p>\r\n\r\n\r\n\r\n<p>Les cookies sont de petits fichiers texte utilis\u00e9s pour stocker de petits \u00e9l\u00e9ments d&rsquo;information. <\/p>\r\n\r\n\r\n\r\n<p>Ils sont stock\u00e9s sur votre appareil lorsque le site Web est charg\u00e9 sur votre navigateur.<\/p>\r\n\r\n\r\n\r\n<p>Ces cookies nous aident \u00e0 faire fonctionner correctement le site Web, \u00e0 le rendre plus s\u00fbr, \u00e0 offrir une meilleure exp\u00e9rience utilisateur, \u00e0 comprendre comment le site Web fonctionne et \u00e0 analyser ce qui fonctionne et o\u00f9 il doit \u00eatre am\u00e9lior\u00e9.<\/p>\r\n\r\n\r\n\r\n<p><br><strong>Comment utilisons-nous les cookies ? <\/strong><\/p>\r\n\r\n\r\n\r\n<p>Comme la plupart des services en ligne, notre site Web utilise des cookies propri\u00e9taires et tiers \u00e0 plusieurs fins. Les cookies propri\u00e9taires sont principalement n\u00e9cessaires au bon fonctionnement du site Web et ne collectent aucune de vos donn\u00e9es personnelles identifiables.<\/p>\r\n\r\n\r\n\r\n<p>Les cookies tiers utilis\u00e9s sur notre site Web servent principalement \u00e0 comprendre comment le site Web fonctionne, comment vous interagissez avec notre site Web, \u00e0 assurer la s\u00e9curit\u00e9 de nos services, \u00e0 fournir des publicit\u00e9s pertinentes pour vous et, dans l&rsquo;ensemble, \u00e0 vous offrir une exp\u00e9rience utilisateur meilleure et am\u00e9lior\u00e9e et \u00e0 acc\u00e9l\u00e9rer vos futures interactions avec notre site Web.<\/p>\r\n\r\n\r\n\r\n<p><\/p>\r\n\r\n\r\n\r\n<p><strong>Types de cookies que nous utilisons G\u00e9rer les pr\u00e9f\u00e9rences de cookies Param\u00e8tres des cookies <\/strong><\/p>\r\n\r\n\r\n\r\n<p>Vous pouvez modifier vos pr\u00e9f\u00e9rences en mati\u00e8re de cookies \u00e0 tout moment en cliquant sur le bouton ci-dessus. <\/p>\r\n\r\n\r\n\r\n<p>Cela vous permettra de revoir la banni\u00e8re de consentement aux cookies et de modifier vos pr\u00e9f\u00e9rences ou de retirer imm\u00e9diatement votre consentement.<\/p>\r\n\r\n\r\n\r\n<p>En plus de cela, les diff\u00e9rents navigateurs proposent diff\u00e9rentes m\u00e9thodes pour bloquer et supprimer les cookies utilis\u00e9s par les sites Web. Vous pouvez modifier les param\u00e8tres de votre navigateur pour bloquer\/supprimer les cookies. Vous trouverez ci-dessous les liens vers les documents d&rsquo;assistance sur la gestion et la suppression des cookies des principaux navigateurs Web.<\/p>\r\n\r\n\r\n\r\n<ul class=\"wp-block-list\">\r\n<li>Chrome: <a rel=\"noreferrer noopener\" href=\"https:\/\/support.google.com\/accounts\/answer\/32050\" target=\"_blank\">https:\/\/support.google.com\/accounts\/answer\/32050<\/a><\/li>\r\n\r\n\r\n\r\n<li>Safari: <a href=\"https:\/\/support.apple.com\/en-in\/guide\/safari\/sfri11471\/mac\" target=\"_blank\" rel=\"noreferrer noopener\">https:\/\/support.apple.com\/en-in\/guide\/safari\/sfri11471\/mac<\/a><\/li>\r\n\r\n\r\n\r\n<li>Firefox: <a href=\"https:\/\/support.mozilla.org\/en-US\/kb\/clear-cookies-and-site-data-firefox?redirectslug=delete-cookies-remove-info-websites-stored&amp;redirectlocale=en-US\" target=\"_blank\" rel=\"noreferrer noopener\">https:\/\/support.mozilla.org\/en-US\/kb\/clear-cookies-and-site-data-firefox?redirectslug=delete-cookies-remove-info-websites-stored&amp;redirectlocale=en-US<\/a><\/li>\r\n\r\n\r\n\r\n<li>Internet Explorer: <a rel=\"noreferrer noopener\" href=\"https:\/\/support.microsoft.com\/en-us\/topic\/how-to-delete-cookie-files-in-internet-explorer-bca9446f-d873-78de-77ba-d42645fa52fc\" target=\"_blank\">https:\/\/support.microsoft.com\/en-us\/topic\/how-to-delete-cookie-files-in-internet-explorer-bca9446f-d873-78de-77ba-d42645fa52fc<\/a><\/li>\r\n<\/ul>\r\n\r\n\r\n\r\n<p>Si vous utilisez un autre navigateur Web, veuillez consulter les documents d\u2019assistance officiels de votre navigateur.<\/p>\r\n","protected":false},"excerpt":{"rendered":"<p>Cookie Policy Effective Date: 01-Apr-2023Last Updated: 06-Apr-2023 What are cookies? Cette politique relative aux cookies explique ce que sont les cookies et comment nous les utilisons, les types de cookies que nous utilisons, c&rsquo;est-\u00e0-dire les informations que nous collectons \u00e0 l&rsquo;aide de cookies et comment ces informations sont utilis\u00e9es, et comment g\u00e9rer les param\u00e8tres des [&hellip;]<\/p>\n","protected":false},"author":1,"featured_media":0,"parent":0,"menu_order":0,"comment_status":"closed","ping_status":"closed","template":"","meta":{"footnotes":""},"class_list":["post-266","page","type-page","status-publish","hentry","post"],"yoast_head":"<!-- This site is optimized with the Yoast SEO plugin v27.1.1 - https:\/\/yoast.com\/product\/yoast-seo-wordpress\/ -->\n<title>Cookies Policy<\/title>\n<meta name=\"description\" content=\"Cookie Policy Effective Date: 01-Apr-2023Last Updated: 06-Apr-2023 What are cookies? Cette politique relative aux cookies explique ce que sont les cookies et comment nous les utilisons, les types de cookies que nous utilisons, c&#039;est-\u00e0-dire les informations que nous collectons \u00e0 l&#039;aide de cookies et comment ces informations sont utilis\u00e9es, et comment g\u00e9rer les param\u00e8tres des\u2026\" \/>\n<meta name=\"robots\" content=\"index, follow, max-snippet:-1, max-image-preview:large, max-video-preview:-1\" \/>\n<link rel=\"canonical\" href=\"\" \/>\n<meta property=\"og:locale\" content=\"fr_FR\" \/>\n<meta property=\"og:type\" content=\"article\" \/>\n<meta property=\"og:title\" content=\"Cookies Policy\" \/>\n<meta property=\"og:description\" content=\"Cookie Policy Effective Date: 01-Apr-2023Last Updated: 06-Apr-2023 What are cookies? Cette politique relative aux cookies explique ce que sont les cookies et comment nous les utilisons, les types de cookies que nous utilisons, c&#039;est-\u00e0-dire les informations que nous collectons \u00e0 l&#039;aide de cookies et comment ces informations sont utilis\u00e9es, et comment g\u00e9rer les param\u00e8tres des\u2026\" \/>\n<meta property=\"og:url\" content=\"https:\/\/store.blutronics.com\/fr\/cookies-policy\/\" \/>\n<meta property=\"og:site_name\" content=\"Smart Card Readers ISO7816 NFC | Official Store\" \/>\n<meta property=\"article:modified_time\" content=\"2023-05-10T09:11:18+00:00\" \/>\n<meta name=\"twitter:card\" content=\"summary_large_image\" \/>\n<meta name=\"twitter:label1\" content=\"Est. reading time\" \/>\n\t<meta name=\"twitter:data1\" content=\"2 minutes\" \/>\n<script type=\"application\/ld+json\" class=\"yoast-schema-graph\">{\"@context\":\"https:\/\/schema.org\",\"@graph\":[{\"@type\":\"WebPage\",\"@id\":\"https:\/\/store.blutronics.com\/fr\/cookies-policy\/\",\"url\":\"https:\/\/store.blutronics.com\/fr\/cookies-policy\/\",\"name\":\"Cookies Policy - Smart Card Readers ISO7816 NFC | Official Store\",\"isPartOf\":{\"@id\":\"https:\/\/store.blutronics.com\/#website\"},\"datePublished\":\"2023-05-10T09:06:52+00:00\",\"dateModified\":\"2023-05-10T09:11:18+00:00\",\"breadcrumb\":{\"@id\":\"https:\/\/store.blutronics.com\/fr\/cookies-policy\/#breadcrumb\"},\"inLanguage\":\"fr-FR\",\"potentialAction\":[{\"@type\":\"ReadAction\",\"target\":[\"https:\/\/store.blutronics.com\/fr\/cookies-policy\/\"]}]},{\"@type\":\"BreadcrumbList\",\"@id\":\"https:\/\/store.blutronics.com\/fr\/cookies-policy\/#breadcrumb\",\"itemListElement\":[{\"@type\":\"ListItem\",\"position\":1,\"name\":\"Blutronics\",\"item\":\"https:\/\/store.blutronics.com\/\"},{\"@type\":\"ListItem\",\"position\":2,\"name\":\"Cookies Policy\"}]},{\"@type\":\"WebSite\",\"@id\":\"https:\/\/store.blutronics.com\/fr\/#website\",\"url\":\"https:\/\/store.blutronics.com\/fr\/\",\"name\":\"store.blutronics.com\",\"description\":\"\",\"publisher\":{\"@id\":\"https:\/\/store.blutronics.com\/fr\/#organization\"},\"potentialAction\":[{\"@type\":\"SearchAction\",\"target\":{\"@type\":\"EntryPoint\",\"urlTemplate\":\"https:\/\/store.blutronics.com\/fr\/?s={search_term_string}\"},\"query-input\":{\"@type\":\"PropertyValueSpecification\",\"valueRequired\":true,\"valueName\":\"search_term_string\"}}],\"inLanguage\":\"fr-FR\"},{\"@type\":\"Organization\",\"@id\":\"https:\/\/store.blutronics.com\/fr\/#organization\",\"name\":\"BLUTRONICS\",\"alternateName\":\"BLUTRONICS\",\"url\":\"https:\/\/store.blutronics.com\/fr\/\",\"logo\":{\"@type\":\"ImageObject\",\"inLanguage\":\"fr-FR\",\"@id\":\"https:\/\/store.blutronics.com\/fr\/#\/schema\/logo\/image\/\",\"url\":\"https:\/\/store.blutronics.com\/wp-content\/uploads\/2023\/06\/header_logo_black_300.webp\",\"contentUrl\":\"https:\/\/store.blutronics.com\/wp-content\/uploads\/2023\/06\/header_logo_black_300.webp\",\"width\":300,\"height\":32,\"caption\":\"BLUTRONICS\"},\"image\":{\"@id\":\"https:\/\/store.blutronics.com\/fr\/#\/schema\/logo\/image\/\"}}]}<\/script>\n<!-- \/ Yoast SEO plugin. -->","yoast_head_json":{"title":"Cookies Policy","description":"Cookie Policy Effective Date: 01-Apr-2023Last Updated: 06-Apr-2023 What are cookies? Cette politique relative aux cookies explique ce que sont les cookies et comment nous les utilisons, les types de cookies que nous utilisons, c'est-\u00e0-dire les informations que nous collectons \u00e0 l'aide de cookies et comment ces informations sont utilis\u00e9es, et comment g\u00e9rer les param\u00e8tres des\u2026","robots":{"index":"index","follow":"follow","max-snippet":"max-snippet:-1","max-image-preview":"max-image-preview:large","max-video-preview":"max-video-preview:-1"},"canonical":"Cookie Policy Effective Date: 01-Apr-2023Last Updated: 06-Apr-2023 What are cookies? Cette politique relative aux cookies explique ce que sont les cookies et comment nous les utilisons, les types de cookies que nous utilisons, c'est-\u00e0-dire les informations que nous collectons \u00e0 l'aide de cookies et comment ces informations sont utilis\u00e9es, et comment g\u00e9rer les param\u00e8tres des\u2026","og_locale":"fr_FR","og_type":"article","og_title":"Cookies Policy","og_description":"Cookie Policy Effective Date: 01-Apr-2023Last Updated: 06-Apr-2023 What are cookies? Cette politique relative aux cookies explique ce que sont les cookies et comment nous les utilisons, les types de cookies que nous utilisons, c'est-\u00e0-dire les informations que nous collectons \u00e0 l'aide de cookies et comment ces informations sont utilis\u00e9es, et comment g\u00e9rer les param\u00e8tres des\u2026","og_url":"https:\/\/store.blutronics.com\/fr\/cookies-policy\/","og_site_name":"Smart Card Readers ISO7816 NFC | Official Store","article_modified_time":"2023-05-10T09:11:18+00:00","twitter_card":"summary_large_image","twitter_misc":{"Est. reading time":"2 minutes"},"schema":{"@context":"https:\/\/schema.org","@graph":[{"@type":"WebPage","@id":"https:\/\/store.blutronics.com\/fr\/cookies-policy\/","url":"https:\/\/store.blutronics.com\/fr\/cookies-policy\/","name":"Cookies Policy - Smart Card Readers ISO7816 NFC | Official Store","isPartOf":{"@id":"https:\/\/store.blutronics.com\/#website"},"datePublished":"2023-05-10T09:06:52+00:00","dateModified":"2023-05-10T09:11:18+00:00","breadcrumb":{"@id":"https:\/\/store.blutronics.com\/fr\/cookies-policy\/#breadcrumb"},"inLanguage":"fr-FR","potentialAction":[{"@type":"ReadAction","target":["https:\/\/store.blutronics.com\/fr\/cookies-policy\/"]}]},{"@type":"BreadcrumbList","@id":"https:\/\/store.blutronics.com\/fr\/cookies-policy\/#breadcrumb","itemListElement":[{"@type":"ListItem","position":1,"name":"Blutronics","item":"https:\/\/store.blutronics.com\/"},{"@type":"ListItem","position":2,"name":"Cookies Policy"}]},{"@type":"WebSite","@id":"https:\/\/store.blutronics.com\/fr\/#website","url":"https:\/\/store.blutronics.com\/fr\/","name":"store.blutronics.com","description":"","publisher":{"@id":"https:\/\/store.blutronics.com\/fr\/#organization"},"potentialAction":[{"@type":"SearchAction","target":{"@type":"EntryPoint","urlTemplate":"https:\/\/store.blutronics.com\/fr\/?s={search_term_string}"},"query-input":{"@type":"PropertyValueSpecification","valueRequired":true,"valueName":"search_term_string"}}],"inLanguage":"fr-FR"},{"@type":"Organization","@id":"https:\/\/store.blutronics.com\/fr\/#organization","name":"BLUTRONICS","alternateName":"BLUTRONICS","url":"https:\/\/store.blutronics.com\/fr\/","logo":{"@type":"ImageObject","inLanguage":"fr-FR","@id":"https:\/\/store.blutronics.com\/fr\/#\/schema\/logo\/image\/","url":"https:\/\/store.blutronics.com\/wp-content\/uploads\/2023\/06\/header_logo_black_300.webp","contentUrl":"https:\/\/store.blutronics.com\/wp-content\/uploads\/2023\/06\/header_logo_black_300.webp","width":300,"height":32,"caption":"BLUTRONICS"},"image":{"@id":"https:\/\/store.blutronics.com\/fr\/#\/schema\/logo\/image\/"}}]}},"_links":{"self":[{"href":"https:\/\/store.blutronics.com\/fr\/wp-json\/wp\/v2\/pages\/266","targetHints":{"allow":["GET"]}}],"collection":[{"href":"https:\/\/store.blutronics.com\/fr\/wp-json\/wp\/v2\/pages"}],"about":[{"href":"https:\/\/store.blutronics.com\/fr\/wp-json\/wp\/v2\/types\/page"}],"author":[{"embeddable":true,"href":"https:\/\/store.blutronics.com\/fr\/wp-json\/wp\/v2\/users\/1"}],"replies":[{"embeddable":true,"href":"https:\/\/store.blutronics.com\/fr\/wp-json\/wp\/v2\/comments?post=266"}],"version-history":[{"count":0,"href":"https:\/\/store.blutronics.com\/fr\/wp-json\/wp\/v2\/pages\/266\/revisions"}],"wp:attachment":[{"href":"https:\/\/store.blutronics.com\/fr\/wp-json\/wp\/v2\/media?parent=266"}],"curies":[{"name":"wp","href":"https:\/\/api.w.org\/{rel}","templated":true}]}}