{"id":283,"date":"2023-05-10T14:23:36","date_gmt":"2023-05-10T13:23:36","guid":{"rendered":"https:\/\/store.blutronics.com\/?page_id=283"},"modified":"2025-09-14T19:01:26","modified_gmt":"2025-09-14T17:01:26","slug":"about-us","status":"publish","type":"page","link":"https:\/\/store.blutronics.com\/fr\/about-us\/","title":{"rendered":"\u00c0 propos de nous"},"content":{"rendered":"\r\n<h1 class=\"wp-block-heading\"><strong>\u00c0 PROPOS DE NOUS<\/strong><\/h1>\r\n\r\n\r\n\r\n<p>BLUTRONICS con\u00e7oit et produit des lecteurs et solutions de cartes \u00e0 puce.<\/p>\r\n\r\n\r\n\r\n<p>L&rsquo;entreprise a \u00e9t\u00e9 fond\u00e9e il y a plus de 30 ans avec des clients dans diff\u00e9rents domaines tels que le gouvernement, l&rsquo;entreprise, la consommation, l&rsquo;\u00e9ducation et la sant\u00e9.<\/p>\r\n\r\n\r\n\r\n<p>Notre mission est de concevoir et de fabriquer des lecteurs\/enregistreurs de cartes \u00e0 puce, des cartes \u00e0 puce et des produits connexes de haute qualit\u00e9 et de les distribuer dans le monde entier.<\/p>\r\n\r\n\r\n\r\n<p>Tous nos produits sont conformes aux principales normes de l\u2019industrie, garantissant des op\u00e9rations s\u00fbres et compatibles.<\/p>\r\n\r\n\r\n\r\n<p>BOLT SRL est la soci\u00e9t\u00e9 du groupe titulaire d&rsquo;une licence de gestion de marque. <\/p>\r\n","protected":false},"excerpt":{"rendered":"<p>\u00c0 PROPOS DE NOUS BLUTRONICS con\u00e7oit et produit des lecteurs et solutions de cartes \u00e0 puce. L&rsquo;entreprise a \u00e9t\u00e9 fond\u00e9e il y a plus de 30 ans avec des clients dans diff\u00e9rents domaines tels que le gouvernement, l&rsquo;entreprise, la consommation, l&rsquo;\u00e9ducation et la sant\u00e9. Notre mission est de concevoir et de fabriquer des lecteurs\/enregistreurs de [&hellip;]<\/p>\n","protected":false},"author":1,"featured_media":0,"parent":0,"menu_order":0,"comment_status":"closed","ping_status":"closed","template":"","meta":{"footnotes":""},"class_list":["post-283","page","type-page","status-publish","hentry","post"],"yoast_head":"<!-- This site is optimized with the Yoast SEO plugin v27.1.1 - https:\/\/yoast.com\/product\/yoast-seo-wordpress\/ -->\n<title>\u00c0 propos de nous<\/title>\n<meta name=\"description\" content=\"\u00c0 PROPOS DE NOUS BLUTRONICS con\u00e7oit et produit des lecteurs et solutions de cartes \u00e0 puce. L&#039;entreprise a \u00e9t\u00e9 fond\u00e9e il y a plus de 30 ans avec des clients dans diff\u00e9rents domaines tels que le gouvernement, l&#039;entreprise, la consommation, l&#039;\u00e9ducation et la sant\u00e9. Notre mission est de concevoir et de fabriquer des lecteurs\/enregistreurs de\u2026\" \/>\n<meta name=\"robots\" content=\"index, follow, max-snippet:-1, max-image-preview:large, max-video-preview:-1\" \/>\n<link rel=\"canonical\" href=\"http:\/\/\u00c0%20PROPOS%20DE%20NOUS%20BLUTRONICS%20con\u00e7oit%20et%20produit%20des%20lecteurs%20et%20solutions%20de%20cartes%20\u00e0%20puce.%20L'entreprise%20a%20\u00e9t\u00e9%20fond\u00e9e%20il%20y%20a%20plus%20de%2030%20ans%20avec%20des%20clients%20dans%20diff\u00e9rents%20domaines%20tels%20que%20le%20gouvernement,%20l'entreprise,%20la%20consommation,%20l'\u00e9ducation%20et%20la%20sant\u00e9.%20Notre%20mission%20est%20de%20concevoir%20et%20de%20fabriquer%20des%20lecteurs\/enregistreurs%20de\u2026\" \/>\n<meta property=\"og:locale\" content=\"fr_FR\" \/>\n<meta property=\"og:type\" content=\"article\" \/>\n<meta property=\"og:title\" content=\"\u00c0 propos de nous\" \/>\n<meta property=\"og:description\" content=\"\u00c0 PROPOS DE NOUS BLUTRONICS con\u00e7oit et produit des lecteurs et solutions de cartes \u00e0 puce. L&#039;entreprise a \u00e9t\u00e9 fond\u00e9e il y a plus de 30 ans avec des clients dans diff\u00e9rents domaines tels que le gouvernement, l&#039;entreprise, la consommation, l&#039;\u00e9ducation et la sant\u00e9. Notre mission est de concevoir et de fabriquer des lecteurs\/enregistreurs de\u2026\" \/>\n<meta property=\"og:url\" content=\"https:\/\/store.blutronics.com\/fr\/about-us\/\" \/>\n<meta property=\"og:site_name\" content=\"Smart Card Readers ISO7816 NFC | Official Store\" \/>\n<meta property=\"article:modified_time\" content=\"2025-09-14T17:01:26+00:00\" \/>\n<meta name=\"twitter:card\" content=\"summary_large_image\" \/>\n<meta name=\"twitter:label1\" content=\"Est. reading time\" \/>\n\t<meta name=\"twitter:data1\" content=\"1 minute\" \/>\n<script type=\"application\/ld+json\" class=\"yoast-schema-graph\">{\"@context\":\"https:\/\/schema.org\",\"@graph\":[{\"@type\":\"WebPage\",\"@id\":\"https:\/\/store.blutronics.com\/fr\/about-us\/\",\"url\":\"https:\/\/store.blutronics.com\/fr\/about-us\/\",\"name\":\"About Us - Smart Card Readers ISO7816 NFC | Official Store\",\"isPartOf\":{\"@id\":\"https:\/\/store.blutronics.com\/#website\"},\"datePublished\":\"2023-05-10T13:23:36+00:00\",\"dateModified\":\"2025-09-14T17:01:26+00:00\",\"description\":\"BLUTRONICS develops and distributes high quality contact and contactless smart card readers, smart cards, mobile card readers and other related products.\",\"breadcrumb\":{\"@id\":\"https:\/\/store.blutronics.com\/fr\/about-us\/#breadcrumb\"},\"inLanguage\":\"fr-FR\",\"potentialAction\":[{\"@type\":\"ReadAction\",\"target\":[\"https:\/\/store.blutronics.com\/fr\/about-us\/\"]}]},{\"@type\":\"BreadcrumbList\",\"@id\":\"https:\/\/store.blutronics.com\/fr\/about-us\/#breadcrumb\",\"itemListElement\":[{\"@type\":\"ListItem\",\"position\":1,\"name\":\"Blutronics\",\"item\":\"https:\/\/store.blutronics.com\/\"},{\"@type\":\"ListItem\",\"position\":2,\"name\":\"\u00c0 propos de nous\"}]},{\"@type\":\"WebSite\",\"@id\":\"https:\/\/store.blutronics.com\/fr\/#website\",\"url\":\"https:\/\/store.blutronics.com\/fr\/\",\"name\":\"store.blutronics.com\",\"description\":\"\",\"publisher\":{\"@id\":\"https:\/\/store.blutronics.com\/fr\/#organization\"},\"potentialAction\":[{\"@type\":\"SearchAction\",\"target\":{\"@type\":\"EntryPoint\",\"urlTemplate\":\"https:\/\/store.blutronics.com\/fr\/?s={search_term_string}\"},\"query-input\":{\"@type\":\"PropertyValueSpecification\",\"valueRequired\":true,\"valueName\":\"search_term_string\"}}],\"inLanguage\":\"fr-FR\"},{\"@type\":\"Organization\",\"@id\":\"https:\/\/store.blutronics.com\/fr\/#organization\",\"name\":\"BLUTRONICS\",\"alternateName\":\"BLUTRONICS\",\"url\":\"https:\/\/store.blutronics.com\/fr\/\",\"logo\":{\"@type\":\"ImageObject\",\"inLanguage\":\"fr-FR\",\"@id\":\"https:\/\/store.blutronics.com\/fr\/#\/schema\/logo\/image\/\",\"url\":\"https:\/\/store.blutronics.com\/wp-content\/uploads\/2023\/06\/header_logo_black_300.webp\",\"contentUrl\":\"https:\/\/store.blutronics.com\/wp-content\/uploads\/2023\/06\/header_logo_black_300.webp\",\"width\":300,\"height\":32,\"caption\":\"BLUTRONICS\"},\"image\":{\"@id\":\"https:\/\/store.blutronics.com\/fr\/#\/schema\/logo\/image\/\"}}]}<\/script>\n<!-- \/ Yoast SEO plugin. -->","yoast_head_json":{"title":"\u00c0 propos de nous","description":"\u00c0 PROPOS DE NOUS BLUTRONICS con\u00e7oit et produit des lecteurs et solutions de cartes \u00e0 puce. L'entreprise a \u00e9t\u00e9 fond\u00e9e il y a plus de 30 ans avec des clients dans diff\u00e9rents domaines tels que le gouvernement, l'entreprise, la consommation, l'\u00e9ducation et la sant\u00e9. Notre mission est de concevoir et de fabriquer des lecteurs\/enregistreurs de\u2026","robots":{"index":"index","follow":"follow","max-snippet":"max-snippet:-1","max-image-preview":"max-image-preview:large","max-video-preview":"max-video-preview:-1"},"canonical":"\u00c0 PROPOS DE NOUS BLUTRONICS con\u00e7oit et produit des lecteurs et solutions de cartes \u00e0 puce. L'entreprise a \u00e9t\u00e9 fond\u00e9e il y a plus de 30 ans avec des clients dans diff\u00e9rents domaines tels que le gouvernement, l'entreprise, la consommation, l'\u00e9ducation et la sant\u00e9. Notre mission est de concevoir et de fabriquer des lecteurs\/enregistreurs de\u2026","og_locale":"fr_FR","og_type":"article","og_title":"\u00c0 propos de nous","og_description":"\u00c0 PROPOS DE NOUS BLUTRONICS con\u00e7oit et produit des lecteurs et solutions de cartes \u00e0 puce. L'entreprise a \u00e9t\u00e9 fond\u00e9e il y a plus de 30 ans avec des clients dans diff\u00e9rents domaines tels que le gouvernement, l'entreprise, la consommation, l'\u00e9ducation et la sant\u00e9. Notre mission est de concevoir et de fabriquer des lecteurs\/enregistreurs de\u2026","og_url":"https:\/\/store.blutronics.com\/fr\/about-us\/","og_site_name":"Smart Card Readers ISO7816 NFC | Official Store","article_modified_time":"2025-09-14T17:01:26+00:00","twitter_card":"summary_large_image","twitter_misc":{"Est. reading time":"1 minute"},"schema":{"@context":"https:\/\/schema.org","@graph":[{"@type":"WebPage","@id":"https:\/\/store.blutronics.com\/fr\/about-us\/","url":"https:\/\/store.blutronics.com\/fr\/about-us\/","name":"About Us - Smart Card Readers ISO7816 NFC | Official Store","isPartOf":{"@id":"https:\/\/store.blutronics.com\/#website"},"datePublished":"2023-05-10T13:23:36+00:00","dateModified":"2025-09-14T17:01:26+00:00","description":"BLUTRONICS develops and distributes high quality contact and contactless smart card readers, smart cards, mobile card readers and other related products.","breadcrumb":{"@id":"https:\/\/store.blutronics.com\/fr\/about-us\/#breadcrumb"},"inLanguage":"fr-FR","potentialAction":[{"@type":"ReadAction","target":["https:\/\/store.blutronics.com\/fr\/about-us\/"]}]},{"@type":"BreadcrumbList","@id":"https:\/\/store.blutronics.com\/fr\/about-us\/#breadcrumb","itemListElement":[{"@type":"ListItem","position":1,"name":"Blutronics","item":"https:\/\/store.blutronics.com\/"},{"@type":"ListItem","position":2,"name":"\u00c0 propos de nous"}]},{"@type":"WebSite","@id":"https:\/\/store.blutronics.com\/fr\/#website","url":"https:\/\/store.blutronics.com\/fr\/","name":"store.blutronics.com","description":"","publisher":{"@id":"https:\/\/store.blutronics.com\/fr\/#organization"},"potentialAction":[{"@type":"SearchAction","target":{"@type":"EntryPoint","urlTemplate":"https:\/\/store.blutronics.com\/fr\/?s={search_term_string}"},"query-input":{"@type":"PropertyValueSpecification","valueRequired":true,"valueName":"search_term_string"}}],"inLanguage":"fr-FR"},{"@type":"Organization","@id":"https:\/\/store.blutronics.com\/fr\/#organization","name":"BLUTRONICS","alternateName":"BLUTRONICS","url":"https:\/\/store.blutronics.com\/fr\/","logo":{"@type":"ImageObject","inLanguage":"fr-FR","@id":"https:\/\/store.blutronics.com\/fr\/#\/schema\/logo\/image\/","url":"https:\/\/store.blutronics.com\/wp-content\/uploads\/2023\/06\/header_logo_black_300.webp","contentUrl":"https:\/\/store.blutronics.com\/wp-content\/uploads\/2023\/06\/header_logo_black_300.webp","width":300,"height":32,"caption":"BLUTRONICS"},"image":{"@id":"https:\/\/store.blutronics.com\/fr\/#\/schema\/logo\/image\/"}}]}},"_links":{"self":[{"href":"https:\/\/store.blutronics.com\/fr\/wp-json\/wp\/v2\/pages\/283","targetHints":{"allow":["GET"]}}],"collection":[{"href":"https:\/\/store.blutronics.com\/fr\/wp-json\/wp\/v2\/pages"}],"about":[{"href":"https:\/\/store.blutronics.com\/fr\/wp-json\/wp\/v2\/types\/page"}],"author":[{"embeddable":true,"href":"https:\/\/store.blutronics.com\/fr\/wp-json\/wp\/v2\/users\/1"}],"replies":[{"embeddable":true,"href":"https:\/\/store.blutronics.com\/fr\/wp-json\/wp\/v2\/comments?post=283"}],"version-history":[{"count":1,"href":"https:\/\/store.blutronics.com\/fr\/wp-json\/wp\/v2\/pages\/283\/revisions"}],"predecessor-version":[{"id":573,"href":"https:\/\/store.blutronics.com\/fr\/wp-json\/wp\/v2\/pages\/283\/revisions\/573"}],"wp:attachment":[{"href":"https:\/\/store.blutronics.com\/fr\/wp-json\/wp\/v2\/media?parent=283"}],"curies":[{"name":"wp","href":"https:\/\/api.w.org\/{rel}","templated":true}]}}