{"id":15,"date":"2023-05-08T11:12:38","date_gmt":"2023-05-08T10:12:38","guid":{"rendered":"https:\/\/store.blutronics.com\/?post_type=product&#038;p=15"},"modified":"2025-09-22T16:06:08","modified_gmt":"2025-09-22T14:06:08","slug":"blutronics-bludrive-ii-ccid-usb-smart-card-reader","status":"publish","type":"product","link":"https:\/\/store.blutronics.com\/fr\/product\/blutronics-bludrive-ii-ccid-usb-smart-card-reader\/","title":{"rendered":"BLUTRONICS BLUDRIVE II CCID"},"content":{"rendered":"<p>Lecteur de cartes \u00e0 puce SESAME Vitale le plus vendu sur le march\u00e9 100% Plug&amp;Play avec tous les syst\u00e8mes d&rsquo;exploitation Windows, Linux, MacOS<\/p>\n<p>Connectez-le et il sera pr\u00eat \u00e0 \u00eatre utilis\u00e9 avec votre application pr\u00e9f\u00e9r\u00e9e<\/p>\n<p>Il est enti\u00e8rement conforme aux sp\u00e9cifications PC\/SC et CCID<\/p>\n<p>Le lecteur de cartes \u00e0 puce BLUTRONICS BLUDRIVE II CCID est compact et comprend une technologie sophistiqu\u00e9e avec un design moderne pour r\u00e9pondre \u00e0 toutes les exigences des applications bas\u00e9es sur des cartes \u00e0 puce.<\/p>\n<p>Il dispose \u00e9galement d&rsquo;une interface USB Full Speed \u200b\u200bet d&rsquo;une vitesse de lecture\/\u00e9criture de carte \u00e0 puce allant jusqu&rsquo;\u00e0 600 Kbps.<\/p>\n<p>Il est tr\u00e8s durable et peut durer 200 000 cycles d&rsquo;insertion de carte.<\/p>\n<p>BLUTRONICS BLUDRIVE II CCID en fait le lecteur de cartes \u00e0 puce id\u00e9al pour vos besoins d&rsquo;applications de banque en ligne et de paiement en ligne<\/p>\n<p>Vous pouvez acc\u00e9der \u00e0 notre espace support en cliquant sur le lien en haut \u00e0 droite pour t\u00e9l\u00e9charger<\/p>\n<ul>\n<li><a href=\"https:\/\/support.blutronics.com\/article\/6-Blutronics-Diagnostic-Tool\" target=\"_blank\" rel=\"noopener\">Blutronics Diagnostic Tool Logiciel de test gratuit<\/a><\/li>\n<li><a href=\"https:\/\/support.blutronics.com\/article\/11-Blutronics-Bludrive-II-CCID-Datasheet-EN\" target=\"_blank\" rel=\"noopener\">Fiche de donn\u00e9es<\/a><\/li>\n<li>manuals<\/li>\n<li><a href=\"https:\/\/support.blutronics.com\/article\/19-BLUTRONICS-BLUDRIVE-II-CCID-Declaration-Of-Conformity\" target=\"_blank\" rel=\"noopener\">d\u00e9clarations de conformit\u00e9<\/a><\/li>\n<\/ul>\n<p>&nbsp;<\/p>\n<div class=\"wp-playlist wp-video-playlist wp-playlist-light\">\n\t\t<video controls=\"controls\" preload=\"none\" width=\"1118\"\n\t\t height=\"629\"\t><\/video>\n\t<div class=\"wp-playlist-next\"><\/div>\n\t<div class=\"wp-playlist-prev\"><\/div>\n\t<noscript>\n\t<ol>\n\t\t<li><a href='https:\/\/store.blutronics.com\/wp-content\/uploads\/2024\/03\/bludrive_product_ads_en.mp4'>bludrive_product_ads_en<\/a><\/li>\t<\/ol>\n\t<\/noscript>\n\t<script type=\"application\/json\" class=\"wp-playlist-script\">{\"type\":\"video\",\"tracklist\":false,\"tracknumbers\":true,\"images\":true,\"artists\":true,\"tracks\":[{\"src\":\"https:\/\/store.blutronics.com\/wp-content\/uploads\/2024\/03\/bludrive_product_ads_en.mp4\",\"type\":\"video\/mp4\",\"title\":\"bludrive_product_ads_en\",\"caption\":\"\",\"description\":\"\",\"meta\":{\"length_formatted\":\"0:29\"},\"dimensions\":{\"original\":{\"width\":1920,\"height\":1080},\"resized\":{\"width\":1118,\"height\":629}},\"image\":{\"src\":\"https:\/\/store.blutronics.com\/wp-includes\/images\/media\/video.svg\",\"width\":48,\"height\":64},\"thumb\":{\"src\":\"https:\/\/store.blutronics.com\/wp-includes\/images\/media\/video.svg\",\"width\":48,\"height\":64}}]}<\/script>\n<\/div>\n\t\n","protected":false},"excerpt":{"rendered":"<h3>BLUTRONICS BLUDRIVE II CCID<br \/>USB ISO7816 Contact Reader<\/h3>\n<p>Lecteur USB de cartes \u00e0 puce standard ISO7816, utilisable avec n&rsquo;importe quelle carte \u00e0 puce \u00e0 contact telle que:<\/p>\n<ul>\n<li>SESAM Vitale<\/li>\n<li>cartes de signature num\u00e9rique<\/li>\n<\/ul>\n<p>Enti\u00e8rement Plug &amp; Play, il ne n\u00e9cessite aucun pilote pour l&rsquo;installation avec n&rsquo;importe quel syst\u00e8me d&rsquo;exploitation Windows, MacOS ou Linux<\/p>\n<p>&nbsp;<\/p>\n","protected":false},"featured_media":515,"comment_status":"open","ping_status":"closed","template":"","meta":[],"product_brand":[50],"product_cat":[18],"product_tag":[19,58,57,20,21],"class_list":{"0":"post-15","1":"product","2":"type-product","3":"status-publish","4":"has-post-thumbnail","6":"product_brand-blutronics","7":"product_cat-smart-card-readers","8":"product_tag-bludrive","9":"product_tag-firma-digitale","10":"product_tag-iso7816","11":"product_tag-smartcard-reader","12":"product_tag-tessera-sanitaria","13":"post","15":"first","16":"instock","17":"sale","18":"taxable","19":"shipping-taxable","20":"purchasable","21":"product-type-simple"},"yoast_head":"<!-- This site is optimized with the Yoast SEO plugin v27.1.1 - https:\/\/yoast.com\/product\/yoast-seo-wordpress\/ -->\n<title>BLUTRONICS BLUDRIVE II CCID<\/title>\n<meta name=\"description\" content=\"BLUTRONICS BLUDRIVE II CCID Lecteur de carte \u00e0 puce USB avec contact ISO7816 utile pour SESAME Vitale, la signature num\u00e9rique, eHealth, eGov, Windows, Linux, MacOS\" \/>\n<meta name=\"robots\" content=\"index, follow, max-snippet:-1, max-image-preview:large, max-video-preview:-1\" \/>\n<link rel=\"canonical\" href=\"https:\/\/store.blutronics.com\/en\/product\/blutronics-bludrive-ii-ccid\/\" \/>\n<meta property=\"og:locale\" content=\"fr_FR\" \/>\n<meta property=\"og:type\" content=\"article\" \/>\n<meta property=\"og:title\" content=\"BLUTRONICS BLUDRIVE II CCID Lecteur de carte \u00e0 puce USB avec contact ISO7816 utile pour SESAME Vitale, la signature num\u00e9rique, eHealth, eGov, Windows, Linux, MacOS\" \/>\n<meta property=\"og:description\" content=\"BLUTRONICS BLUDRIVE II CCID Lecteur de carte \u00e0 puce USB avec contact ISO7816 appareil puissant pour SESAME Vitale, signature num\u00e9rique, eHealth, eGov, Windows, Linux, MacOS, le plus vendu sur le march\u00e9\" \/>\n<meta property=\"og:url\" content=\"https:\/\/store.blutronics.com\/en\/product\/blutronics-bludrive-ii-ccid\/\" \/>\n<meta property=\"og:site_name\" content=\"Smart Card Readers ISO7816 NFC | Official Store\" \/>\n<meta property=\"article:modified_time\" content=\"2025-09-22T14:06:08+00:00\" \/>\n<meta name=\"twitter:card\" content=\"summary_large_image\" \/>\n<meta name=\"twitter:title\" content=\"BLUTRONICS BLUDRIVE II CCID USB Contact Smartcard Reader ISO7816 useful for digital signature, eHealth, eGov, Windows, Linux, MacOS\" \/>\n<meta name=\"twitter:description\" content=\"BLUTRONICS BLUDRIVE II CCID USB Contact Smartcard Reader ISO7816 powerful device for digital signature, eHealth, eGov, Windows, Linux, MacOS, the most sale on the market\" \/>\n<meta name=\"twitter:label1\" content=\"Est. reading time\" \/>\n\t<meta name=\"twitter:data1\" content=\"1 minute\" \/>\n<script type=\"application\/ld+json\" class=\"yoast-schema-graph\">{\"@context\":\"https:\/\/schema.org\",\"@graph\":[{\"@type\":\"WebPage\",\"@id\":\"https:\/\/store.blutronics.com\/fr\/product\/blutronics-bludrive-ii-ccid-usb-smart-card-reader\/\",\"url\":\"https:\/\/store.blutronics.com\/fr\/en\/product\/blutronics-bludrive-ii-ccid\/\",\"name\":\"BLUTRONICS BLUDRIVE II CCID - Smart Card Readers ISO7816 NFC | Official Store\",\"isPartOf\":{\"@id\":\"https:\/\/store.blutronics.com\/#website\"},\"primaryImageOfPage\":{\"@id\":\"https:\/\/store.blutronics.com\/en\/product\/blutronics-bludrive-ii-ccid\/#primaryimage\"},\"image\":{\"@id\":\"https:\/\/store.blutronics.com\/en\/product\/blutronics-bludrive-ii-ccid\/#primaryimage\"},\"thumbnailUrl\":\"https:\/\/store.blutronics.com\/wp-content\/uploads\/2024\/12\/B00IDBWWAE.MAIN_.FR_.jpg\",\"datePublished\":\"2023-05-08T10:12:38+00:00\",\"dateModified\":\"2025-09-22T14:06:08+00:00\",\"description\":\"BLUTRONICS BLUDRIVE II CCID USB Contact Smart Card Reader ISO7816 useful for SESAME Vitale, digital signature, eHealth, eGov, Windows, Linux, MacOS\",\"breadcrumb\":{\"@id\":\"https:\/\/store.blutronics.com\/en\/product\/blutronics-bludrive-ii-ccid\/#breadcrumb\"},\"inLanguage\":\"fr-FR\",\"potentialAction\":[{\"@type\":\"ReadAction\",\"target\":[\"https:\/\/store.blutronics.com\/en\/product\/blutronics-bludrive-ii-ccid\/\"]}]},{\"@type\":\"ImageObject\",\"inLanguage\":\"fr-FR\",\"@id\":\"https:\/\/store.blutronics.com\/en\/product\/blutronics-bludrive-ii-ccid\/#primaryimage\",\"url\":\"https:\/\/store.blutronics.com\/wp-content\/uploads\/2024\/12\/B00IDBWWAE.MAIN_.FR_.jpg\",\"contentUrl\":\"https:\/\/store.blutronics.com\/wp-content\/uploads\/2024\/12\/B00IDBWWAE.MAIN_.FR_.jpg\",\"width\":2000,\"height\":2000,\"caption\":\"usb smartcard reader ISO7816 PC\/SC BLUTRONICS BLUDRIVE II CCID firma digitale,cns,crs,tessera sanitaria,cac,piv,DOD,Sesam Vitale\"},{\"@type\":\"BreadcrumbList\",\"@id\":\"https:\/\/store.blutronics.com\/en\/product\/blutronics-bludrive-ii-ccid\/#breadcrumb\",\"itemListElement\":[{\"@type\":\"ListItem\",\"position\":1,\"name\":\"Blutronics\",\"item\":\"https:\/\/store.blutronics.com\/\"},{\"@type\":\"ListItem\",\"position\":2,\"name\":\"Blutronics\",\"item\":\"https:\/\/store.blutronics.com\/\"},{\"@type\":\"ListItem\",\"position\":3,\"name\":\"BLUTRONICS BLUDRIVE II CCID\"}]},{\"@type\":\"WebSite\",\"@id\":\"https:\/\/store.blutronics.com\/fr\/#website\",\"url\":\"https:\/\/store.blutronics.com\/fr\/\",\"name\":\"store.blutronics.com\",\"description\":\"\",\"publisher\":{\"@id\":\"https:\/\/store.blutronics.com\/fr\/#organization\"},\"potentialAction\":[{\"@type\":\"SearchAction\",\"target\":{\"@type\":\"EntryPoint\",\"urlTemplate\":\"https:\/\/store.blutronics.com\/fr\/?s={search_term_string}\"},\"query-input\":{\"@type\":\"PropertyValueSpecification\",\"valueRequired\":true,\"valueName\":\"search_term_string\"}}],\"inLanguage\":\"fr-FR\"},{\"@type\":\"Organization\",\"@id\":\"https:\/\/store.blutronics.com\/fr\/#organization\",\"name\":\"BLUTRONICS\",\"alternateName\":\"BLUTRONICS\",\"url\":\"https:\/\/store.blutronics.com\/fr\/\",\"logo\":{\"@type\":\"ImageObject\",\"inLanguage\":\"fr-FR\",\"@id\":\"https:\/\/store.blutronics.com\/fr\/#\/schema\/logo\/image\/\",\"url\":\"https:\/\/store.blutronics.com\/wp-content\/uploads\/2023\/06\/header_logo_black_300.webp\",\"contentUrl\":\"https:\/\/store.blutronics.com\/wp-content\/uploads\/2023\/06\/header_logo_black_300.webp\",\"width\":300,\"height\":32,\"caption\":\"BLUTRONICS\"},\"image\":{\"@id\":\"https:\/\/store.blutronics.com\/fr\/#\/schema\/logo\/image\/\"}}]}<\/script>\n<!-- \/ Yoast SEO plugin. -->","yoast_head_json":{"title":"BLUTRONICS BLUDRIVE II CCID","description":"BLUTRONICS BLUDRIVE II CCID Lecteur de carte \u00e0 puce USB avec contact ISO7816 utile pour SESAME Vitale, la signature num\u00e9rique, eHealth, eGov, Windows, Linux, MacOS","robots":{"index":"index","follow":"follow","max-snippet":"max-snippet:-1","max-image-preview":"max-image-preview:large","max-video-preview":"max-video-preview:-1"},"canonical":"https:\/\/store.blutronics.com\/en\/product\/blutronics-bludrive-ii-ccid\/","og_locale":"fr_FR","og_type":"article","og_title":"BLUTRONICS BLUDRIVE II CCID Lecteur de carte \u00e0 puce USB avec contact ISO7816 utile pour SESAME Vitale, la signature num\u00e9rique, eHealth, eGov, Windows, Linux, MacOS","og_description":"BLUTRONICS BLUDRIVE II CCID Lecteur de carte \u00e0 puce USB avec contact ISO7816 appareil puissant pour SESAME Vitale, signature num\u00e9rique, eHealth, eGov, Windows, Linux, MacOS, le plus vendu sur le march\u00e9","og_url":"https:\/\/store.blutronics.com\/en\/product\/blutronics-bludrive-ii-ccid\/","og_site_name":"Smart Card Readers ISO7816 NFC | Official Store","article_modified_time":"2025-09-22T14:06:08+00:00","twitter_card":"summary_large_image","twitter_title":"BLUTRONICS BLUDRIVE II CCID USB Contact Smartcard Reader ISO7816 useful for digital signature, eHealth, eGov, Windows, Linux, MacOS","twitter_description":"BLUTRONICS BLUDRIVE II CCID USB Contact Smartcard Reader ISO7816 powerful device for digital signature, eHealth, eGov, Windows, Linux, MacOS, the most sale on the market","twitter_misc":{"Est. reading time":"1 minute"},"schema":{"@context":"https:\/\/schema.org","@graph":[{"@type":"WebPage","@id":"https:\/\/store.blutronics.com\/fr\/product\/blutronics-bludrive-ii-ccid-usb-smart-card-reader\/","url":"https:\/\/store.blutronics.com\/fr\/en\/product\/blutronics-bludrive-ii-ccid\/","name":"BLUTRONICS BLUDRIVE II CCID - Smart Card Readers ISO7816 NFC | Official Store","isPartOf":{"@id":"https:\/\/store.blutronics.com\/#website"},"primaryImageOfPage":{"@id":"https:\/\/store.blutronics.com\/en\/product\/blutronics-bludrive-ii-ccid\/#primaryimage"},"image":{"@id":"https:\/\/store.blutronics.com\/en\/product\/blutronics-bludrive-ii-ccid\/#primaryimage"},"thumbnailUrl":"https:\/\/store.blutronics.com\/wp-content\/uploads\/2024\/12\/B00IDBWWAE.MAIN_.FR_.jpg","datePublished":"2023-05-08T10:12:38+00:00","dateModified":"2025-09-22T14:06:08+00:00","description":"BLUTRONICS BLUDRIVE II CCID USB Contact Smart Card Reader ISO7816 useful for SESAME Vitale, digital signature, eHealth, eGov, Windows, Linux, MacOS","breadcrumb":{"@id":"https:\/\/store.blutronics.com\/en\/product\/blutronics-bludrive-ii-ccid\/#breadcrumb"},"inLanguage":"fr-FR","potentialAction":[{"@type":"ReadAction","target":["https:\/\/store.blutronics.com\/en\/product\/blutronics-bludrive-ii-ccid\/"]}]},{"@type":"ImageObject","inLanguage":"fr-FR","@id":"https:\/\/store.blutronics.com\/en\/product\/blutronics-bludrive-ii-ccid\/#primaryimage","url":"https:\/\/store.blutronics.com\/wp-content\/uploads\/2024\/12\/B00IDBWWAE.MAIN_.FR_.jpg","contentUrl":"https:\/\/store.blutronics.com\/wp-content\/uploads\/2024\/12\/B00IDBWWAE.MAIN_.FR_.jpg","width":2000,"height":2000,"caption":"usb smartcard reader ISO7816 PC\/SC BLUTRONICS BLUDRIVE II CCID firma digitale,cns,crs,tessera sanitaria,cac,piv,DOD,Sesam Vitale"},{"@type":"BreadcrumbList","@id":"https:\/\/store.blutronics.com\/en\/product\/blutronics-bludrive-ii-ccid\/#breadcrumb","itemListElement":[{"@type":"ListItem","position":1,"name":"Blutronics","item":"https:\/\/store.blutronics.com\/"},{"@type":"ListItem","position":2,"name":"Blutronics","item":"https:\/\/store.blutronics.com\/"},{"@type":"ListItem","position":3,"name":"BLUTRONICS BLUDRIVE II CCID"}]},{"@type":"WebSite","@id":"https:\/\/store.blutronics.com\/fr\/#website","url":"https:\/\/store.blutronics.com\/fr\/","name":"store.blutronics.com","description":"","publisher":{"@id":"https:\/\/store.blutronics.com\/fr\/#organization"},"potentialAction":[{"@type":"SearchAction","target":{"@type":"EntryPoint","urlTemplate":"https:\/\/store.blutronics.com\/fr\/?s={search_term_string}"},"query-input":{"@type":"PropertyValueSpecification","valueRequired":true,"valueName":"search_term_string"}}],"inLanguage":"fr-FR"},{"@type":"Organization","@id":"https:\/\/store.blutronics.com\/fr\/#organization","name":"BLUTRONICS","alternateName":"BLUTRONICS","url":"https:\/\/store.blutronics.com\/fr\/","logo":{"@type":"ImageObject","inLanguage":"fr-FR","@id":"https:\/\/store.blutronics.com\/fr\/#\/schema\/logo\/image\/","url":"https:\/\/store.blutronics.com\/wp-content\/uploads\/2023\/06\/header_logo_black_300.webp","contentUrl":"https:\/\/store.blutronics.com\/wp-content\/uploads\/2023\/06\/header_logo_black_300.webp","width":300,"height":32,"caption":"BLUTRONICS"},"image":{"@id":"https:\/\/store.blutronics.com\/fr\/#\/schema\/logo\/image\/"}}]}},"_links":{"self":[{"href":"https:\/\/store.blutronics.com\/fr\/wp-json\/wp\/v2\/product\/15","targetHints":{"allow":["GET"]}}],"collection":[{"href":"https:\/\/store.blutronics.com\/fr\/wp-json\/wp\/v2\/product"}],"about":[{"href":"https:\/\/store.blutronics.com\/fr\/wp-json\/wp\/v2\/types\/product"}],"replies":[{"embeddable":true,"href":"https:\/\/store.blutronics.com\/fr\/wp-json\/wp\/v2\/comments?post=15"}],"wp:featuredmedia":[{"embeddable":true,"href":"https:\/\/store.blutronics.com\/fr\/wp-json\/wp\/v2\/media\/515"}],"wp:attachment":[{"href":"https:\/\/store.blutronics.com\/fr\/wp-json\/wp\/v2\/media?parent=15"}],"wp:term":[{"taxonomy":"product_brand","embeddable":true,"href":"https:\/\/store.blutronics.com\/fr\/wp-json\/wp\/v2\/product_brand?post=15"},{"taxonomy":"product_cat","embeddable":true,"href":"https:\/\/store.blutronics.com\/fr\/wp-json\/wp\/v2\/product_cat?post=15"},{"taxonomy":"product_tag","embeddable":true,"href":"https:\/\/store.blutronics.com\/fr\/wp-json\/wp\/v2\/product_tag?post=15"}],"curies":[{"name":"wp","href":"https:\/\/api.w.org\/{rel}","templated":true}]}}