{"id":290,"date":"2023-05-10T15:47:21","date_gmt":"2023-05-10T14:47:21","guid":{"rendered":"https:\/\/store.blutronics.com\/product\/\/"},"modified":"2025-09-22T16:09:05","modified_gmt":"2025-09-22T14:09:05","slug":"blutronics-bludrive-board-usb-smart-card-reader","status":"publish","type":"product","link":"https:\/\/store.blutronics.com\/fr\/product\/blutronics-bludrive-board-usb-smart-card-reader\/","title":{"rendered":"BLUTRONICS BLUDRIVE BOARD"},"content":{"rendered":"<p>Ce lecteur de cartes \u00e0 puce USB est la meilleure solution pour les entreprises int\u00e9gratrices.<\/p>\n<p>Il peut \u00eatre utilis\u00e9 dans des applications d&rsquo;appareils personnalis\u00e9s comme les kiosques, les distributeurs automatiques et les syst\u00e8mes de fid\u00e9lit\u00e9<\/p>\n<p>100% Plug&amp;Play avec tous les syst\u00e8mes d&rsquo;exploitation Windows, Linux, MacOS<\/p>\n<p>Connectez-le et il sera pr\u00eat \u00e0 \u00eatre utilis\u00e9 avec votre application pr\u00e9f\u00e9r\u00e9e<\/p>\n<p>Il est enti\u00e8rement conforme aux sp\u00e9cifications PC\/SC et CCID<\/p>\n<p>Le lecteur de cartes \u00e0 puce CCID BLUTRONCIS BLUDRIVE II est compact et comprend une technologie sophistiqu\u00e9e avec un design moderne pour r\u00e9pondre \u00e0 toutes les exigences des applications bas\u00e9es sur des cartes \u00e0 puce.<\/p>\n<p>Il dispose \u00e9galement d&rsquo;une interface USB Full Speed \u200b\u200bet d&rsquo;une vitesse de lecture\/\u00e9criture de carte \u00e0 puce allant jusqu&rsquo;\u00e0 600 Kbps.<\/p>\n<p>Il est tr\u00e8s durable et peut durer 200 000 cycles d&rsquo;insertion de carte.<\/p>\n<p>BLUTRONICS BLUDRIVE II CCID en fait le lecteur de cartes \u00e0 puce id\u00e9al pour vos besoins d&rsquo;applications de banque en ligne et de paiement en ligne<\/p>\n<p>Vous pouvez acc\u00e9der \u00e0 notre espace support en cliquant sur le lien en haut \u00e0 droite pour t\u00e9l\u00e9charger<\/p>\n<ul>\n<li><a href=\"https:\/\/support.blutronics.com\/article\/6-Blutronics-Diagnostic-Tool\" target=\"_blank\" rel=\"noopener\">Blutronics Diagnostic Tool Logiciel de test gratuit<\/a><\/li>\n<li><a href=\"https:\/\/support.blutronics.com\/article\/11-Blutronics-Bludrive-II-CCID-Datasheet-EN\" target=\"_blank\" rel=\"noopener\">Fiche de donn\u00e9es<\/a><\/li>\n<li>manuals<\/li>\n<li><a href=\"https:\/\/support.blutronics.com\/article\/19-BLUTRONICS-BLUDRIVE-II-CCID-Declaration-Of-Conformity\" target=\"_blank\" rel=\"noopener\">d\u00e9clarations de conformit\u00e9<\/a><\/li>\n<\/ul>\n","protected":false},"excerpt":{"rendered":"<h3>BLUTRONICS BLUDRIVE BOARD<br \/>USB Smart Card Reader Module<br \/>pour des applications industrielles personnalis\u00e9es<\/h3>\n<p>Norme ISO7816, utilisable avec n&rsquo;importe quelle carte \u00e0 puce \u00e0 contact telle que:<\/p>\n<ul>\n<li>cartes de signature num\u00e9rique (e.g. Infocamere, Infocert, Aruba, Namirial)<\/li>\n<li>Sesam Vital card<\/li>\n<li>CAC Dod<\/li>\n<li>Memory Cards<\/li>\n<\/ul>\n<p>Enti\u00e8rement Plug and Play, il ne n\u00e9cessite aucun pilote pour l&rsquo;installation avec n&rsquo;importe quel syst\u00e8me d&rsquo;exploitation Windows, MacOS ou Linux<br \/>\n&nbsp;<\/p>\n","protected":false},"featured_media":346,"comment_status":"open","ping_status":"closed","template":"","meta":[],"product_brand":[50],"product_cat":[18],"product_tag":[19,58,57,20,21],"class_list":{"0":"post-290","1":"product","2":"type-product","3":"status-publish","4":"has-post-thumbnail","6":"product_brand-blutronics","7":"product_cat-smart-card-readers","8":"product_tag-bludrive","9":"product_tag-firma-digitale","10":"product_tag-iso7816","11":"product_tag-smartcard-reader","12":"product_tag-tessera-sanitaria","13":"post","15":"first","16":"instock","17":"taxable","18":"shipping-taxable","19":"purchasable","20":"product-type-simple"},"yoast_head":"<!-- This site is optimized with the Yoast SEO plugin v27.1.1 - https:\/\/yoast.com\/product\/yoast-seo-wordpress\/ -->\n<title>BLUTRONICS BLUDRIVE BOARD<\/title>\n<meta name=\"description\" content=\"BLUTRONICS BLUDRIVE BOARD est un module de lecteur de carte \u00e0 puce CCID USB Contact ISO7816 utile pour la signature num\u00e9rique, eHealth, eGov, Windows, Linux, MacOS\" \/>\n<meta name=\"robots\" content=\"index, follow, max-snippet:-1, max-image-preview:large, max-video-preview:-1\" \/>\n<link rel=\"canonical\" href=\"https:\/\/store.blutronics.com\/en\/product\/blutronics-bludrive-board\/\" \/>\n<meta property=\"og:locale\" content=\"fr_FR\" \/>\n<meta property=\"og:type\" content=\"article\" \/>\n<meta property=\"og:title\" content=\"BLUTRONICS BLUDRIVE BOARD est un lecteur de carte \u00e0 puce CCID USB Contact ISO7816 utile pour la signature num\u00e9rique, eHealth, eGov, Windows, Linux, MacOS\" \/>\n<meta property=\"og:description\" content=\"BLUTRONICS BLUDRIVE BOARD est un lecteur de carte \u00e0 puce CCID USB Contact ISO7816 appareil puissant pour la signature num\u00e9rique, eHealth, eGov, Windows, Linux, MacOS, le plus vendu sur le march\u00e9\" \/>\n<meta property=\"og:url\" content=\"https:\/\/store.blutronics.com\/en\/product\/blutronics-bludrive-board\/\" \/>\n<meta property=\"og:site_name\" content=\"Smart Card Readers ISO7816 NFC | Official Store\" \/>\n<meta property=\"article:modified_time\" content=\"2025-09-22T14:09:05+00:00\" \/>\n<meta property=\"og:image\" content=\"https:\/\/store.blutronics.com\/wp-content\/uploads\/2023\/06\/bludrive_board_2000_2000_white.webp\" \/>\n\t<meta property=\"og:image:width\" content=\"2000\" \/>\n\t<meta property=\"og:image:height\" content=\"2000\" \/>\n\t<meta property=\"og:image:type\" content=\"image\/webp\" \/>\n<meta name=\"twitter:card\" content=\"summary_large_image\" \/>\n<meta name=\"twitter:title\" content=\"BLUTRONICS BLUDRIVE BOARD is a CCID USB Contact Smartcard Reader ISO7816 useful for digital signature, eHealth, eGov, Windows, Linux, MacOS\" \/>\n<meta name=\"twitter:description\" content=\"BLUTRONICS BLUDRIVE BOARD is a CCID USB Contact Smartcard Reader ISO7816 powerful device for digital signature, eHealth, eGov, Windows, Linux, MacOS, the most sale on the market\" \/>\n<meta name=\"twitter:image\" content=\"https:\/\/store.blutronics.com\/wp-content\/uploads\/2023\/06\/bludrive_board_2000_2000_white.webp\" \/>\n<meta name=\"twitter:label1\" content=\"Est. reading time\" \/>\n\t<meta name=\"twitter:data1\" content=\"1 minute\" \/>\n<script type=\"application\/ld+json\" class=\"yoast-schema-graph\">{\"@context\":\"https:\/\/schema.org\",\"@graph\":[{\"@type\":\"WebPage\",\"@id\":\"https:\/\/store.blutronics.com\/fr\/product\/blutronics-bludrive-board-usb-smart-card-reader\/\",\"url\":\"https:\/\/store.blutronics.com\/fr\/en\/product\/blutronics-bludrive-board\/\",\"name\":\"BLUTRONICS BLUDRIVE BOARD - Smart Card Readers ISO7816 NFC | Official Store\",\"isPartOf\":{\"@id\":\"https:\/\/store.blutronics.com\/#website\"},\"primaryImageOfPage\":{\"@id\":\"https:\/\/store.blutronics.com\/en\/product\/blutronics-bludrive-board\/#primaryimage\"},\"image\":{\"@id\":\"https:\/\/store.blutronics.com\/en\/product\/blutronics-bludrive-board\/#primaryimage\"},\"thumbnailUrl\":\"https:\/\/store.blutronics.com\/wp-content\/uploads\/2023\/06\/bludrive_board_2000_2000_white.webp\",\"datePublished\":\"2023-05-10T14:47:21+00:00\",\"dateModified\":\"2025-09-22T14:09:05+00:00\",\"description\":\"BLUTRONICS BLUDRIVE BOARD is a CCID USB Contact Smart Card Reader Module ISO7816 useful for digital signature, eHealth, eGov, Windows, Linux, MacOS\",\"breadcrumb\":{\"@id\":\"https:\/\/store.blutronics.com\/en\/product\/blutronics-bludrive-board\/#breadcrumb\"},\"inLanguage\":\"fr-FR\",\"potentialAction\":[{\"@type\":\"ReadAction\",\"target\":[\"https:\/\/store.blutronics.com\/en\/product\/blutronics-bludrive-board\/\"]}]},{\"@type\":\"ImageObject\",\"inLanguage\":\"fr-FR\",\"@id\":\"https:\/\/store.blutronics.com\/en\/product\/blutronics-bludrive-board\/#primaryimage\",\"url\":\"https:\/\/store.blutronics.com\/wp-content\/uploads\/2023\/06\/bludrive_board_2000_2000_white.webp\",\"contentUrl\":\"https:\/\/store.blutronics.com\/wp-content\/uploads\/2023\/06\/bludrive_board_2000_2000_white.webp\",\"width\":2000,\"height\":2000,\"caption\":\"integrator smartcard reader kiosk vending machine usb smartcard reader ISO7816 PC\/SC BLUTRONICS BLUDRIVE BOARD firma digitale,cns,crs,tessera sanitaria,cac,piv,DOD, Sesam Vitale\"},{\"@type\":\"BreadcrumbList\",\"@id\":\"https:\/\/store.blutronics.com\/en\/product\/blutronics-bludrive-board\/#breadcrumb\",\"itemListElement\":[{\"@type\":\"ListItem\",\"position\":1,\"name\":\"Blutronics\",\"item\":\"https:\/\/store.blutronics.com\/\"},{\"@type\":\"ListItem\",\"position\":2,\"name\":\"Blutronics\",\"item\":\"https:\/\/store.blutronics.com\/\"},{\"@type\":\"ListItem\",\"position\":3,\"name\":\"BLUTRONICS BLUDRIVE BOARD\"}]},{\"@type\":\"WebSite\",\"@id\":\"https:\/\/store.blutronics.com\/fr\/#website\",\"url\":\"https:\/\/store.blutronics.com\/fr\/\",\"name\":\"store.blutronics.com\",\"description\":\"\",\"publisher\":{\"@id\":\"https:\/\/store.blutronics.com\/fr\/#organization\"},\"potentialAction\":[{\"@type\":\"SearchAction\",\"target\":{\"@type\":\"EntryPoint\",\"urlTemplate\":\"https:\/\/store.blutronics.com\/fr\/?s={search_term_string}\"},\"query-input\":{\"@type\":\"PropertyValueSpecification\",\"valueRequired\":true,\"valueName\":\"search_term_string\"}}],\"inLanguage\":\"fr-FR\"},{\"@type\":\"Organization\",\"@id\":\"https:\/\/store.blutronics.com\/fr\/#organization\",\"name\":\"BLUTRONICS\",\"alternateName\":\"BLUTRONICS\",\"url\":\"https:\/\/store.blutronics.com\/fr\/\",\"logo\":{\"@type\":\"ImageObject\",\"inLanguage\":\"fr-FR\",\"@id\":\"https:\/\/store.blutronics.com\/fr\/#\/schema\/logo\/image\/\",\"url\":\"https:\/\/store.blutronics.com\/wp-content\/uploads\/2023\/06\/header_logo_black_300.webp\",\"contentUrl\":\"https:\/\/store.blutronics.com\/wp-content\/uploads\/2023\/06\/header_logo_black_300.webp\",\"width\":300,\"height\":32,\"caption\":\"BLUTRONICS\"},\"image\":{\"@id\":\"https:\/\/store.blutronics.com\/fr\/#\/schema\/logo\/image\/\"}}]}<\/script>\n<!-- \/ Yoast SEO plugin. -->","yoast_head_json":{"title":"BLUTRONICS BLUDRIVE BOARD","description":"BLUTRONICS BLUDRIVE BOARD est un module de lecteur de carte \u00e0 puce CCID USB Contact ISO7816 utile pour la signature num\u00e9rique, eHealth, eGov, Windows, Linux, MacOS","robots":{"index":"index","follow":"follow","max-snippet":"max-snippet:-1","max-image-preview":"max-image-preview:large","max-video-preview":"max-video-preview:-1"},"canonical":"https:\/\/store.blutronics.com\/en\/product\/blutronics-bludrive-board\/","og_locale":"fr_FR","og_type":"article","og_title":"BLUTRONICS BLUDRIVE BOARD est un lecteur de carte \u00e0 puce CCID USB Contact ISO7816 utile pour la signature num\u00e9rique, eHealth, eGov, Windows, Linux, MacOS","og_description":"BLUTRONICS BLUDRIVE BOARD est un lecteur de carte \u00e0 puce CCID USB Contact ISO7816 appareil puissant pour la signature num\u00e9rique, eHealth, eGov, Windows, Linux, MacOS, le plus vendu sur le march\u00e9","og_url":"https:\/\/store.blutronics.com\/en\/product\/blutronics-bludrive-board\/","og_site_name":"Smart Card Readers ISO7816 NFC | Official Store","article_modified_time":"2025-09-22T14:09:05+00:00","og_image":[{"width":2000,"height":2000,"url":"https:\/\/store.blutronics.com\/wp-content\/uploads\/2023\/06\/bludrive_board_2000_2000_white.webp","type":"image\/webp"}],"twitter_card":"summary_large_image","twitter_title":"BLUTRONICS BLUDRIVE BOARD is a CCID USB Contact Smartcard Reader ISO7816 useful for digital signature, eHealth, eGov, Windows, Linux, MacOS","twitter_description":"BLUTRONICS BLUDRIVE BOARD is a CCID USB Contact Smartcard Reader ISO7816 powerful device for digital signature, eHealth, eGov, Windows, Linux, MacOS, the most sale on the market","twitter_image":"https:\/\/store.blutronics.com\/wp-content\/uploads\/2023\/06\/bludrive_board_2000_2000_white.webp","twitter_misc":{"Est. reading time":"1 minute"},"schema":{"@context":"https:\/\/schema.org","@graph":[{"@type":"WebPage","@id":"https:\/\/store.blutronics.com\/fr\/product\/blutronics-bludrive-board-usb-smart-card-reader\/","url":"https:\/\/store.blutronics.com\/fr\/en\/product\/blutronics-bludrive-board\/","name":"BLUTRONICS BLUDRIVE BOARD - Smart Card Readers ISO7816 NFC | Official Store","isPartOf":{"@id":"https:\/\/store.blutronics.com\/#website"},"primaryImageOfPage":{"@id":"https:\/\/store.blutronics.com\/en\/product\/blutronics-bludrive-board\/#primaryimage"},"image":{"@id":"https:\/\/store.blutronics.com\/en\/product\/blutronics-bludrive-board\/#primaryimage"},"thumbnailUrl":"https:\/\/store.blutronics.com\/wp-content\/uploads\/2023\/06\/bludrive_board_2000_2000_white.webp","datePublished":"2023-05-10T14:47:21+00:00","dateModified":"2025-09-22T14:09:05+00:00","description":"BLUTRONICS BLUDRIVE BOARD is a CCID USB Contact Smart Card Reader Module ISO7816 useful for digital signature, eHealth, eGov, Windows, Linux, MacOS","breadcrumb":{"@id":"https:\/\/store.blutronics.com\/en\/product\/blutronics-bludrive-board\/#breadcrumb"},"inLanguage":"fr-FR","potentialAction":[{"@type":"ReadAction","target":["https:\/\/store.blutronics.com\/en\/product\/blutronics-bludrive-board\/"]}]},{"@type":"ImageObject","inLanguage":"fr-FR","@id":"https:\/\/store.blutronics.com\/en\/product\/blutronics-bludrive-board\/#primaryimage","url":"https:\/\/store.blutronics.com\/wp-content\/uploads\/2023\/06\/bludrive_board_2000_2000_white.webp","contentUrl":"https:\/\/store.blutronics.com\/wp-content\/uploads\/2023\/06\/bludrive_board_2000_2000_white.webp","width":2000,"height":2000,"caption":"integrator smartcard reader kiosk vending machine usb smartcard reader ISO7816 PC\/SC BLUTRONICS BLUDRIVE BOARD firma digitale,cns,crs,tessera sanitaria,cac,piv,DOD, Sesam Vitale"},{"@type":"BreadcrumbList","@id":"https:\/\/store.blutronics.com\/en\/product\/blutronics-bludrive-board\/#breadcrumb","itemListElement":[{"@type":"ListItem","position":1,"name":"Blutronics","item":"https:\/\/store.blutronics.com\/"},{"@type":"ListItem","position":2,"name":"Blutronics","item":"https:\/\/store.blutronics.com\/"},{"@type":"ListItem","position":3,"name":"BLUTRONICS BLUDRIVE BOARD"}]},{"@type":"WebSite","@id":"https:\/\/store.blutronics.com\/fr\/#website","url":"https:\/\/store.blutronics.com\/fr\/","name":"store.blutronics.com","description":"","publisher":{"@id":"https:\/\/store.blutronics.com\/fr\/#organization"},"potentialAction":[{"@type":"SearchAction","target":{"@type":"EntryPoint","urlTemplate":"https:\/\/store.blutronics.com\/fr\/?s={search_term_string}"},"query-input":{"@type":"PropertyValueSpecification","valueRequired":true,"valueName":"search_term_string"}}],"inLanguage":"fr-FR"},{"@type":"Organization","@id":"https:\/\/store.blutronics.com\/fr\/#organization","name":"BLUTRONICS","alternateName":"BLUTRONICS","url":"https:\/\/store.blutronics.com\/fr\/","logo":{"@type":"ImageObject","inLanguage":"fr-FR","@id":"https:\/\/store.blutronics.com\/fr\/#\/schema\/logo\/image\/","url":"https:\/\/store.blutronics.com\/wp-content\/uploads\/2023\/06\/header_logo_black_300.webp","contentUrl":"https:\/\/store.blutronics.com\/wp-content\/uploads\/2023\/06\/header_logo_black_300.webp","width":300,"height":32,"caption":"BLUTRONICS"},"image":{"@id":"https:\/\/store.blutronics.com\/fr\/#\/schema\/logo\/image\/"}}]}},"_links":{"self":[{"href":"https:\/\/store.blutronics.com\/fr\/wp-json\/wp\/v2\/product\/290","targetHints":{"allow":["GET"]}}],"collection":[{"href":"https:\/\/store.blutronics.com\/fr\/wp-json\/wp\/v2\/product"}],"about":[{"href":"https:\/\/store.blutronics.com\/fr\/wp-json\/wp\/v2\/types\/product"}],"replies":[{"embeddable":true,"href":"https:\/\/store.blutronics.com\/fr\/wp-json\/wp\/v2\/comments?post=290"}],"wp:featuredmedia":[{"embeddable":true,"href":"https:\/\/store.blutronics.com\/fr\/wp-json\/wp\/v2\/media\/346"}],"wp:attachment":[{"href":"https:\/\/store.blutronics.com\/fr\/wp-json\/wp\/v2\/media?parent=290"}],"wp:term":[{"taxonomy":"product_brand","embeddable":true,"href":"https:\/\/store.blutronics.com\/fr\/wp-json\/wp\/v2\/product_brand?post=290"},{"taxonomy":"product_cat","embeddable":true,"href":"https:\/\/store.blutronics.com\/fr\/wp-json\/wp\/v2\/product_cat?post=290"},{"taxonomy":"product_tag","embeddable":true,"href":"https:\/\/store.blutronics.com\/fr\/wp-json\/wp\/v2\/product_tag?post=290"}],"curies":[{"name":"wp","href":"https:\/\/api.w.org\/{rel}","templated":true}]}}