{"id":194,"date":"2023-05-09T16:24:16","date_gmt":"2023-05-09T15:24:16","guid":{"rendered":"https:\/\/store.blutronics.com\/?page_id=194"},"modified":"2023-05-09T17:59:40","modified_gmt":"2023-05-09T16:59:40","slug":"sales-terms","status":"publish","type":"page","link":"https:\/\/store.blutronics.com\/it\/sales-terms\/","title":{"rendered":"Condizioni di Vendita"},"content":{"rendered":"\r\n<h1 class=\"wp-block-heading\">CODIZIONI DI VENDITA<\/h1>\r\n\r\n\r\n\r\n<p><strong>1. Accettazione<\/strong><\/p>\r\n\r\n\r\n\r\n<p style=\"font-size:14px\">BLUTRONICS \u00e8 un marchio registrato gestito da BOLT srl. Le condizioni generali di vendita e consegna della BOLT SRL. di seguito denominata solo BLUTRONICS, cosi come le eventuali condizioni particolari, sono ritenute essere accettate dai nostri Clienti, anche se difformi dalle proprie condizioni generali o particolari di acquisto. L&#8217;esecuzione degli ordinativi non implica l&#8217;accettazione delle condizioni generali o particolari di acquisto dei nostri Clienti. Queste ultime ci impegnano solo se accettate espressamente per iscritto. I proponenti, collaboratori, dipendenti, parenti ed in genere le persone che agiscono in nome dei nostri Clienti li rappresentano a tutti gli effetti ed implicitamente li riterremo essere dotati di mandato per impegnare i nostri Clienti medesimi nei nostri confronti<\/p>\r\n\r\n\r\n\r\n<p><strong>2. Prezzi<\/strong><\/p>\r\n\r\n\r\n\r\n<p style=\"font-size:14px\">Salvo disposizioni contrattuali particolari, le nostre offerte ed i nostri listini prezzi hanno carattere puramente indicativo e non ci impegnano in alcun caso. I nostri prezzi sono modificabili senza preavviso. Si intendono franco nostro magazzino, spese imballaggio imposte esclusi. Le spese di spedizione sono a carico del Cliente.<\/p>\r\n\r\n\r\n\r\n<p><strong>3. Termini di Consegna<\/strong><\/p>\r\n\r\n\r\n\r\n<p style=\"font-size:14px\">I termini di consegna sono dati a puro titolo indicativo e non obbligatorio. Salvo accordo scritto, la mancata evasione immediata dell&#8217;ordine non potr\u00e0, in alcun caso, dare diritto al suo annullamento ed alcun indennizzo \u00e9 dovuto. Gli ordini con evasione superiore al mese sono accettati con riserva di verifica prezzi in quanto a noi stessi imposti dai nostri fornitori o da circostanze indipendenti dalla nostra volont\u00e0 che renderebbero ulteriormente impossibile o pi\u00f9 onerosa la consegna. In ogni caso, i prodotti saranno fatturati alle condizioni in vigore al momento della data di fornitura indipendentemente dal prezzo e dalle condizioni ai quali sono stati dati confermati gli ordinativi. Ci riserviamo di evadere parzialmente gli ordinativi ricevuti, intendendo per venduta ciascuna consegna effettuata. Il compratore non pu\u00f2, in nessun caso, rifiutare il ricevimento della merce, e deve sempre effettuare il pagamento salvo far valere successivamente le sue eventuali ragioni (solve et repete).<\/p>\r\n\r\n\r\n\r\n<p><strong>4. Rappresentanza<\/strong><\/p>\r\n\r\n\r\n\r\n<p style=\"font-size:14px\">I nostri intermediari, agenti, ingegneri ed analisti non hanno alcun potere per impegnare la Societ\u00e0. Le loro offerte dovranno essere sempre confermate dalla BOLT SRL. Conserviamo il diritto di rinunciare ad un ordinativo al quale non \u00e8 stata data tale conferma.<\/p>\r\n\r\n\r\n\r\n<p><strong>5. Accordo<\/strong><\/p>\r\n\r\n\r\n\r\n<p style=\"font-size:14px\">I nostri prodotti sono sempre considerati come venduti, ricevuti ed accettati presso i nostri magazzini. I prodotti viaggiano a rischio e pericolo del destinatario anche in caso di vendita o consegna &#8220;franco&#8221;. In mancanza di precise istruzioni, verr\u00e0 effettuata la spedizione col mezzo ritenuto pi\u00f9 opportuno e pertanto ci\u00f2 non pu\u00f2 dar luogo a reclami. La merce non viene coperta da assicurazione di nessun genere se non dietro espressa richiesta e per conto dell&#8217;acquirente. Tutte le riserve di accettazione eventuali devono essere formulate al trasportatore o vettore. Il Cliente si impegna ad accettare e ritirare gli ordinativi entro 5 (cinque) giorni dalla data alla quale \u00e8 a Sua conoscenza la disponibilit\u00e0 dei prodotti.<\/p>\r\n\r\n\r\n\r\n<p><strong>6. Reclami Resi<\/strong><\/p>\r\n\r\n\r\n\r\n<p style=\"font-size:14px\">Il cliente \u00e8 tenuto ad esaminare la merce ricevuta e a comunicare nel dettaglio a BOLT SRL, entro 8 (otto) giorni dalla consegna, eventuali vizi riscontrati &#8211; o riscontrabili &#8211; ad un primo esame, o qualsiasi altro reclamo in relazione ai prodotti. Nel caso in cui il cliente non effettui la comunicazione di cui sopra, i prodotti saranno considerati definitivamente accettati e conformi a quanto stabilito dal contratto di vendita, ferma restando la possibilit\u00e0, esperibile entro e non oltre 1 (un) anno dalla consegna, di denunziare eventuali vizi, non apparenti, entro 8 (otto) giorni dalla scoperta degli stessi (in conformit\u00e0 con quanto disposto dall&#8217;art. 1495 del Codice Civile). Resta inteso che il cliente dovr\u00e0 rifiutare la consegna, da parte del vettore, di pacchi danneggiati e dovr\u00e0, a tale proposito, informare immediatamente BOLT SRL dell&#8217;accaduto. Tutti i reclami concernenti i prodotti consegnati e venduti ci devono pervenire entro 8 (otto) giorni dalla ricezione, riferendosi al numero di bolla di accompagnamento o di fattura. Trascorso tale termine, il reclamo non potr\u00e0 pi\u00f9 essere accolto. Nessun reso verr\u00e0 accettato salvo anticipo accordo scritto da parte nostra. Il reso sar\u00e0 accertato solo integro, nel proprio imballo originale intatto. Eventuali reclami relativi alle nostre fatture devono essere portati a nostra conoscenza tramite lettera raccomandata spedita entro 10 (dieci) giorni dal ricevimento del documento. In caso contrario, le fatture si intendono accettare senza alcuna riserva. I reclami non possono in alcun caso giustificare il ritardo o il mancato pagamento. E&#8217; previsto l&#8217;addebito di spese di spedizione inerenti il reso.<\/p>\r\n\r\n\r\n\r\n<p><strong>7. Garanzie<\/strong><\/p>\r\n\r\n\r\n\r\n<p style=\"font-size:14px\">Non garantiamo che i prodotti forniti siano adatti alle specifiche esigenze dell&#8217;attivit\u00e0 dell&#8217;utente. La garanzia \u00e8 valida per eventuali difetti materiali e si limita in ogni caso alla semplice riparazione o sostituzione dei componenti difettosi. Tutti i prodotti o parti di essi sostituiti da BOLT SRL diverranno di propriet\u00e0 esclusiva della stessa. La validit\u00e0 della garanzia \u00e8 subordinata all&#8217; esatto utilizzo del prodotto come specificato nelle istruzioni messe a disposizioni dell&#8217;utente. La BOLT SRL non \u00e8 tenuta ad alcun indennizzo nei confronti dell&#8217;utente o di terzi per le conseguenze derivanti dell&#8217;utilizzo del software o hardware e per i danni diretti o indiretti, incidenti a persone. Danni causati a beni distinti del nostro materiale, lucro cessante, danni causati o che verranno causati dal deterioramento o dalla perdita di dati registrati dall&#8217; utente.<\/p>\r\n\r\n\r\n\r\n<p><strong>8. Contratto<\/strong><\/p>\r\n\r\n\r\n\r\n<p style=\"font-size:14px\">In caso di nostra responsabilit\u00e0 per la mancata esecuzione o la cattiva esecuzione del contratto, il totale dell&#8217;eventuale indennizzo non potr\u00e0 superare per convenzione espressa un ammontare pari al 10% del prezzo del prodotto all&#8217;origine del danno.<\/p>\r\n\r\n\r\n\r\n<p><strong>9. Propriet\u00e0<\/strong><\/p>\r\n\r\n\r\n\r\n<p style=\"font-size:14px\">Il software da noi commercializzato rimane di propriet\u00e0 del suo inventore o fabbricante che accorda esclusivamente una &#8220;licenza d&#8217;uso&#8221;. Il Cliente non potr\u00e0, in alcun caso, cederlo a terzi, noleggiarlo, prestarlo o trasferirlo n\u00e9 a titolo oneroso n\u00e9 a titolo gratuito, in quanto il prodotto \u00e8 coperto da copyright. Il Cliente si impegna a mantenere le menzioni di propriet\u00e0 riportate sui supporti e sui manuali d&#8217;uso e a non a modificare in qualsivoglia modo i prodotti da noi venduti. Conserver\u00e0 con buona diligenza il software applicato rigorosamente tutte le indicazioni del fabbricante o inventore, in particolare non potr\u00e0 procedere a effettuare copie non autorizzate, permettere o favorire che altri lo facciano. I nostri Clienti, intermediari tra noi e gli utenti, devono includere nelle loro condizioni di vendita il presente paragrafo di vendita o un test analogo. Il rischio per il perimento o danneggiamento dei prodotti sar\u00e0 a carico del cliente dal momento della consegna o dal momento in cui la consegna non sia potuta avvenire per un fatto imputabile al cliente. Il cliente assume l&#8217;obbligo di immediata restituzione a BOLT SRL di tutti i prodotti ad esso inviati, ma non ancora di sua propriet\u00e0, nel caso in cui il cliente stesso non adempia puntualmente al pagamento di qualsiasi somma dovuta a BOLT SRL. A tale scopo il cliente consentir\u00e0 a BOLT SRL, ai suoi dipendenti ed agenti, di accedere presso i propri locali, al solo fine di procedere al ritiro dei prodotti non pagati. Resta peraltro inteso che la richiesta e l&#8217;effettiva restituzione dei prodotti non pregiudicher\u00e0 il diritto di BOLT SRL di chiedere l&#8217;integrale risarcimento dei danni sofferti per effetto dell&#8217;inadempimento del cliente.<\/p>\r\n\r\n\r\n\r\n<p><strong>10. Acconti<\/strong><\/p>\r\n\r\n\r\n\r\n<p style=\"font-size:14px\">Gli acconti versati dai nostri Clienti si intendono riferiti al prezzo dell&#8217;ordine effettuato. L&#8217;acconto non potr\u00e0 in nessun caso considerarsi caparra e pertanto l&#8217;importo versato impegna i clienti alla regolare esecuzione del contratto.<\/p>\r\n\r\n\r\n\r\n<p><strong>11. Morosit\u00e0<\/strong><\/p>\r\n\r\n\r\n\r\n<p style=\"font-size:14px\">Il mancato pagamento alla scadenza della fattura o nota di debito, cosi come il mancato ritiro di Ricevute Bancarie o la mancata disponibilit\u00e0 di fondi per procedura RID od ogni altro fatto che determinano l&#8217;insolvenza del Cliente, causa l&#8217;annullamento dei termini accordati per il pagamento dei prodotti consegnati o da consegnare, rendendo il credito immediatamente esigibile e il blocco automatico degli ordini ancora in essere. Inoltre, \u00e8 nostra facolt\u00e0 la recessione immediata del contratto in essere senza alcun indennizzo ed altra formalit\u00e0 che il semplice avviso tramite lettera raccomandata. La fornitura incompleta non potr\u00e0 alcun caso determinare il mancato pagamento di quanto consegnato e fatturato. E&#8217; in nostra facolt\u00e0 l&#8217;emissione di fatture parziali secondo le conseguenze effettuate il pagamento delle fatture non potr\u00e0 in alcun caso dipendere dall&#8217; installazione o dalla messa in opera delle apparecchiature vendute. Conserviamo la piena e totale propriet\u00e0 dei prodotti ed accessori venduti sino al loro totale pagamento, spese ed imposte incluse, salvo il caso in cui il pagamento venga effettuato in contanti, il prezzo non si considerer\u00e0 pagato sino a che ogni assegno o altro mezzo di pagamento utilizzato dal cliente venga riscosso da BOLT SRL, o comunque onorato nei termini di cui allo stesso. Il Cliente si impegna ad avvertire immediatamente la BOLT SRL nel caso sia sottoposto a procedimento giudiziale o a sequestro ed a comunicare il nominativo del terzo acquirente senza indugio tramite lettera raccomandata. Il Cliente che non si attiene ai pagamenti autorizza il personale della BOLT SRL ad entrare nei propri locali senza altro avviso per prelevare i prodotti non pagati ed accetta le spese occorrenti per questa operazione.\r\n<\/p>\r\n\r\n\r\n\r\n<p><strong>12. Condizioni di pagamento<\/strong><\/p>\r\n\r\n\r\n\r\n<p style=\"font-size:14px\">Tutte le nostre fatture, note di debito e simili debbono intendersi pagate a Caserta in contanti, assegno circolare o bancario. Nel caso di ritardo pagamento decorreranno dalla data di scadenza gli interessi di mora al tasso del 7% annuo, pi\u00f9&#8217; spese bancarie.  E&#8217; previsto un indennizzo forfetario in ragione del 7% dell&#8217;ammontare dovuto, con un minimo pari a Euro 60,00 (sessanta\/00). La presente clausola non esclude l&#8217;esigibilit\u00e0 immediata del debito nei confronti della BOLT SRL. Sono fatte salve eventuali procedure volte al recupero del credito. In caso di recessione o di annullamento del contratto da parte del Cliente, \u00e8 dovuto alla BOLT SRL un indennizzo forfetario ammontante al 30% del prezzo totale del contratto salvo richieste superiori se l&#8217;ammontare del danno supera il 30%.<\/p>\r\n\r\n\r\n\r\n<p><strong>13. Solidariet\u00e0<\/strong><\/p>\r\n\r\n\r\n\r\n<p style=\"font-size:14px\">Se il pagamento della fattura o nota di debito \u00e8 garantita da un terzo, il cliente ed il cessionario del debito si intendono solidalmente responsabili per il pagamento e per l&#8217;esecuzione di tutti gli altri impegni previsti dal presente contratto.<\/p>\r\n\r\n\r\n\r\n<p><strong>14. Foro competente<\/strong><\/p>\r\n\r\n\r\n\r\n<p style=\"font-size:14px\">Per qualsiasi controversia Foro competente Caserta. Per tutto quanto non espressamente previsto nelle presenti condizioni generali di vendita, si fa riferimento al Codice Civile.<\/p>\r\n","protected":false},"excerpt":{"rendered":"<p>CODIZIONI DI VENDITA 1. Accettazione BLUTRONICS \u00e8 un marchio registrato gestito da BOLT srl. Le condizioni generali di vendita e consegna della BOLT SRL. di seguito denominata solo BLUTRONICS, cosi come le eventuali condizioni particolari, sono ritenute essere accettate dai nostri Clienti, anche se difformi dalle proprie condizioni generali o particolari di acquisto. L&#8217;esecuzione degli [&hellip;]<\/p>\n","protected":false},"author":1,"featured_media":0,"parent":0,"menu_order":0,"comment_status":"closed","ping_status":"closed","template":"","meta":{"footnotes":""},"class_list":["post-194","page","type-page","status-publish","hentry","post"],"yoast_head":"<!-- This site is optimized with the Yoast SEO plugin v27.1.1 - https:\/\/yoast.com\/product\/yoast-seo-wordpress\/ -->\n<title>Condizioni di Vendita<\/title>\n<meta name=\"description\" content=\"CODIZIONI DI VENDITA 1. Accettazione BLUTRONICS \u00e8 un marchio registrato gestito da BOLT srl. Le condizioni generali di vendita e consegna della BOLT SRL. di seguito denominata solo BLUTRONICS, cosi come le eventuali condizioni particolari, sono ritenute essere accettate dai nostri Clienti, anche se difformi dalle proprie condizioni generali o particolari di acquisto. L&#039;esecuzione degli&hellip;\" \/>\n<meta name=\"robots\" content=\"index, follow, max-snippet:-1, max-image-preview:large, max-video-preview:-1\" \/>\n<link rel=\"canonical\" href=\"http:\/\/CODIZIONI%20DI%20VENDITA%201.%20Accettazione%20BLUTRONICS%20\u00e8%20un%20marchio%20registrato%20gestito%20da%20BOLT%20srl.%20Le%20condizioni%20generali%20di%20vendita%20e%20consegna%20della%20BOLT%20SRL.%20di%20seguito%20denominata%20solo%20BLUTRONICS,%20cosi%20come%20le%20eventuali%20condizioni%20particolari,%20sono%20ritenute%20essere%20accettate%20dai%20nostri%20Clienti,%20anche%20se%20difformi%20dalle%20proprie%20condizioni%20generali%20o%20particolari%20di%20acquisto.%20L'esecuzione%20degli&hellip;\" \/>\n<meta property=\"og:locale\" content=\"it_IT\" \/>\n<meta property=\"og:type\" content=\"article\" \/>\n<meta property=\"og:title\" content=\"Condizioni di Vendita\" \/>\n<meta property=\"og:description\" content=\"CODIZIONI DI VENDITA 1. Accettazione BLUTRONICS \u00e8 un marchio registrato gestito da BOLT srl. Le condizioni generali di vendita e consegna della BOLT SRL. di seguito denominata solo BLUTRONICS, cosi come le eventuali condizioni particolari, sono ritenute essere accettate dai nostri Clienti, anche se difformi dalle proprie condizioni generali o particolari di acquisto. L&#039;esecuzione degli&hellip;\" \/>\n<meta property=\"og:url\" content=\"https:\/\/store.blutronics.com\/it\/sales-terms\/\" \/>\n<meta property=\"og:site_name\" content=\"Smart Card Readers ISO7816 NFC | Official Store\" \/>\n<meta property=\"article:modified_time\" content=\"2023-05-09T16:59:40+00:00\" \/>\n<meta name=\"twitter:card\" content=\"summary_large_image\" \/>\n<meta name=\"twitter:label1\" content=\"Est. reading time\" \/>\n\t<meta name=\"twitter:data1\" content=\"8 minuti\" \/>\n<script type=\"application\/ld+json\" class=\"yoast-schema-graph\">{\"@context\":\"https:\/\/schema.org\",\"@graph\":[{\"@type\":\"WebPage\",\"@id\":\"https:\/\/store.blutronics.com\/it\/sales-terms\/\",\"url\":\"https:\/\/store.blutronics.com\/it\/sales-terms\/\",\"name\":\"Sales Terms - Smart Card Readers ISO7816 NFC | Official Store\",\"isPartOf\":{\"@id\":\"https:\/\/store.blutronics.com\/#website\"},\"datePublished\":\"2023-05-09T15:24:16+00:00\",\"dateModified\":\"2023-05-09T16:59:40+00:00\",\"breadcrumb\":{\"@id\":\"https:\/\/store.blutronics.com\/it\/sales-terms\/#breadcrumb\"},\"inLanguage\":\"it-IT\",\"potentialAction\":[{\"@type\":\"ReadAction\",\"target\":[\"https:\/\/store.blutronics.com\/it\/sales-terms\/\"]}]},{\"@type\":\"BreadcrumbList\",\"@id\":\"https:\/\/store.blutronics.com\/it\/sales-terms\/#breadcrumb\",\"itemListElement\":[{\"@type\":\"ListItem\",\"position\":1,\"name\":\"Blutronics\",\"item\":\"https:\/\/store.blutronics.com\/\"},{\"@type\":\"ListItem\",\"position\":2,\"name\":\"Condizioni di Vendita\"}]},{\"@type\":\"WebSite\",\"@id\":\"https:\/\/store.blutronics.com\/it\/#website\",\"url\":\"https:\/\/store.blutronics.com\/it\/\",\"name\":\"store.blutronics.com\",\"description\":\"\",\"publisher\":{\"@id\":\"https:\/\/store.blutronics.com\/it\/#organization\"},\"potentialAction\":[{\"@type\":\"SearchAction\",\"target\":{\"@type\":\"EntryPoint\",\"urlTemplate\":\"https:\/\/store.blutronics.com\/it\/?s={search_term_string}\"},\"query-input\":{\"@type\":\"PropertyValueSpecification\",\"valueRequired\":true,\"valueName\":\"search_term_string\"}}],\"inLanguage\":\"it-IT\"},{\"@type\":\"Organization\",\"@id\":\"https:\/\/store.blutronics.com\/it\/#organization\",\"name\":\"BLUTRONICS\",\"alternateName\":\"BLUTRONICS\",\"url\":\"https:\/\/store.blutronics.com\/it\/\",\"logo\":{\"@type\":\"ImageObject\",\"inLanguage\":\"it-IT\",\"@id\":\"https:\/\/store.blutronics.com\/it\/#\/schema\/logo\/image\/\",\"url\":\"https:\/\/store.blutronics.com\/wp-content\/uploads\/2023\/06\/header_logo_black_300.webp\",\"contentUrl\":\"https:\/\/store.blutronics.com\/wp-content\/uploads\/2023\/06\/header_logo_black_300.webp\",\"width\":300,\"height\":32,\"caption\":\"BLUTRONICS\"},\"image\":{\"@id\":\"https:\/\/store.blutronics.com\/it\/#\/schema\/logo\/image\/\"}}]}<\/script>\n<!-- \/ Yoast SEO plugin. -->","yoast_head_json":{"title":"Condizioni di Vendita","description":"CODIZIONI DI VENDITA 1. Accettazione BLUTRONICS \u00e8 un marchio registrato gestito da BOLT srl. Le condizioni generali di vendita e consegna della BOLT SRL. di seguito denominata solo BLUTRONICS, cosi come le eventuali condizioni particolari, sono ritenute essere accettate dai nostri Clienti, anche se difformi dalle proprie condizioni generali o particolari di acquisto. L'esecuzione degli&hellip;","robots":{"index":"index","follow":"follow","max-snippet":"max-snippet:-1","max-image-preview":"max-image-preview:large","max-video-preview":"max-video-preview:-1"},"canonical":"CODIZIONI DI VENDITA 1. Accettazione BLUTRONICS \u00e8 un marchio registrato gestito da BOLT srl. Le condizioni generali di vendita e consegna della BOLT SRL. di seguito denominata solo BLUTRONICS, cosi come le eventuali condizioni particolari, sono ritenute essere accettate dai nostri Clienti, anche se difformi dalle proprie condizioni generali o particolari di acquisto. L'esecuzione degli&hellip;","og_locale":"it_IT","og_type":"article","og_title":"Condizioni di Vendita","og_description":"CODIZIONI DI VENDITA 1. Accettazione BLUTRONICS \u00e8 un marchio registrato gestito da BOLT srl. Le condizioni generali di vendita e consegna della BOLT SRL. di seguito denominata solo BLUTRONICS, cosi come le eventuali condizioni particolari, sono ritenute essere accettate dai nostri Clienti, anche se difformi dalle proprie condizioni generali o particolari di acquisto. L'esecuzione degli&hellip;","og_url":"https:\/\/store.blutronics.com\/it\/sales-terms\/","og_site_name":"Smart Card Readers ISO7816 NFC | Official Store","article_modified_time":"2023-05-09T16:59:40+00:00","twitter_card":"summary_large_image","twitter_misc":{"Est. reading time":"8 minuti"},"schema":{"@context":"https:\/\/schema.org","@graph":[{"@type":"WebPage","@id":"https:\/\/store.blutronics.com\/it\/sales-terms\/","url":"https:\/\/store.blutronics.com\/it\/sales-terms\/","name":"Sales Terms - Smart Card Readers ISO7816 NFC | Official Store","isPartOf":{"@id":"https:\/\/store.blutronics.com\/#website"},"datePublished":"2023-05-09T15:24:16+00:00","dateModified":"2023-05-09T16:59:40+00:00","breadcrumb":{"@id":"https:\/\/store.blutronics.com\/it\/sales-terms\/#breadcrumb"},"inLanguage":"it-IT","potentialAction":[{"@type":"ReadAction","target":["https:\/\/store.blutronics.com\/it\/sales-terms\/"]}]},{"@type":"BreadcrumbList","@id":"https:\/\/store.blutronics.com\/it\/sales-terms\/#breadcrumb","itemListElement":[{"@type":"ListItem","position":1,"name":"Blutronics","item":"https:\/\/store.blutronics.com\/"},{"@type":"ListItem","position":2,"name":"Condizioni di Vendita"}]},{"@type":"WebSite","@id":"https:\/\/store.blutronics.com\/it\/#website","url":"https:\/\/store.blutronics.com\/it\/","name":"store.blutronics.com","description":"","publisher":{"@id":"https:\/\/store.blutronics.com\/it\/#organization"},"potentialAction":[{"@type":"SearchAction","target":{"@type":"EntryPoint","urlTemplate":"https:\/\/store.blutronics.com\/it\/?s={search_term_string}"},"query-input":{"@type":"PropertyValueSpecification","valueRequired":true,"valueName":"search_term_string"}}],"inLanguage":"it-IT"},{"@type":"Organization","@id":"https:\/\/store.blutronics.com\/it\/#organization","name":"BLUTRONICS","alternateName":"BLUTRONICS","url":"https:\/\/store.blutronics.com\/it\/","logo":{"@type":"ImageObject","inLanguage":"it-IT","@id":"https:\/\/store.blutronics.com\/it\/#\/schema\/logo\/image\/","url":"https:\/\/store.blutronics.com\/wp-content\/uploads\/2023\/06\/header_logo_black_300.webp","contentUrl":"https:\/\/store.blutronics.com\/wp-content\/uploads\/2023\/06\/header_logo_black_300.webp","width":300,"height":32,"caption":"BLUTRONICS"},"image":{"@id":"https:\/\/store.blutronics.com\/it\/#\/schema\/logo\/image\/"}}]}},"_links":{"self":[{"href":"https:\/\/store.blutronics.com\/it\/wp-json\/wp\/v2\/pages\/194","targetHints":{"allow":["GET"]}}],"collection":[{"href":"https:\/\/store.blutronics.com\/it\/wp-json\/wp\/v2\/pages"}],"about":[{"href":"https:\/\/store.blutronics.com\/it\/wp-json\/wp\/v2\/types\/page"}],"author":[{"embeddable":true,"href":"https:\/\/store.blutronics.com\/it\/wp-json\/wp\/v2\/users\/1"}],"replies":[{"embeddable":true,"href":"https:\/\/store.blutronics.com\/it\/wp-json\/wp\/v2\/comments?post=194"}],"version-history":[{"count":0,"href":"https:\/\/store.blutronics.com\/it\/wp-json\/wp\/v2\/pages\/194\/revisions"}],"wp:attachment":[{"href":"https:\/\/store.blutronics.com\/it\/wp-json\/wp\/v2\/media?parent=194"}],"curies":[{"name":"wp","href":"https:\/\/api.w.org\/{rel}","templated":true}]}}