{"id":16,"date":"2023-05-08T11:12:38","date_gmt":"2023-05-08T10:12:38","guid":{"rendered":"https:\/\/store.blutronics.com\/?post_type=product&#038;p=16"},"modified":"2025-09-22T16:14:26","modified_gmt":"2025-09-22T14:14:26","slug":"blutronics-taurus-nfc","status":"publish","type":"product","link":"https:\/\/store.blutronics.com\/it\/product\/blutronics-taurus-nfc\/","title":{"rendered":"BLUTRONICS TAURUS NFC"},"content":{"rendered":"<p>Leggi e scrivi smartcard contactless standard ISO14443, NFC, Mifare utilizzando le pi\u00f9 diffuse applicazioni che fanno uso di PC\/SC e\/o libNFC<\/p>\n<p>Il lettore Blutronics Taurus NFC non necessita di drivers perch\u00e8 \u00e8 riconosciuto dal sistema operativo in uso (sui sistemi macOS precedenti a Sonoma sar\u00e0 necessario installare il nostro driver)<\/p>\n<p>Puoi accedere alla nostra area di supporto cliccando il link in alto a destra per scaricare<\/p>\n<ul>\n<li>software di test<\/li>\n<li>schede tecniche<\/li>\n<li>manuali<\/li>\n<li>dichiarazioni di conformit\u00e0<\/li>\n<\/ul>\n<div class=\"wp-playlist wp-video-playlist wp-playlist-light\">\n\t\t<video controls=\"controls\" preload=\"none\" width=\"1118\"\n\t\t height=\"629\"\t><\/video>\n\t<div class=\"wp-playlist-next\"><\/div>\n\t<div class=\"wp-playlist-prev\"><\/div>\n\t<noscript>\n\t<ol>\n\t\t<li><a href='https:\/\/store.blutronics.com\/wp-content\/uploads\/2024\/03\/taurus_product_ads_it.mp4'>taurus_product_ads_it<\/a><\/li>\t<\/ol>\n\t<\/noscript>\n\t<script type=\"application\/json\" class=\"wp-playlist-script\">{\"type\":\"video\",\"tracklist\":false,\"tracknumbers\":true,\"images\":true,\"artists\":true,\"tracks\":[{\"src\":\"https:\/\/store.blutronics.com\/wp-content\/uploads\/2024\/03\/taurus_product_ads_it.mp4\",\"type\":\"video\/mp4\",\"title\":\"taurus_product_ads_it\",\"caption\":\"\",\"description\":\"\",\"meta\":{\"length_formatted\":\"0:29\"},\"dimensions\":{\"original\":{\"width\":1920,\"height\":1080},\"resized\":{\"width\":1118,\"height\":629}},\"image\":{\"src\":\"https:\/\/store.blutronics.com\/wp-includes\/images\/media\/video.svg\",\"width\":48,\"height\":64},\"thumb\":{\"src\":\"https:\/\/store.blutronics.com\/wp-includes\/images\/media\/video.svg\",\"width\":48,\"height\":64}}]}<\/script>\n<\/div>\n\t\n","protected":false},"excerpt":{"rendered":"<h3>BLUTRONICS TAURUS NFC<br \/>CCID USB NFC\/Mifare Cless Reader<\/h3>\n<p>Questo dispositivo \u00e8 un lettore scrittore di smart card specifico per carte NFC adatto all&#8217;utilizzo con<\/p>\n<ul>\n<li>Carta d\u2019Identit\u00e0 Elettronica Italiana CIE 3.0<\/li>\n<li>Tessera Sanitaria (versione contactless)<\/li>\n<li>PC\/SC<\/li>\n<li>CCID<\/li>\n<li>ISO14443<\/li>\n<li>NFC<\/li>\n<li>Mifare<\/li>\n<li>Supporta tutti i sistemi operativi Windows, Linux, Mac<\/li>\n<li>Plug &amp; Play nativo (MacOS potrebbe richiedere driver)<\/li>\n<\/ul>\n<p>Utilizzabile per l&#8217;accesso ai siti della Pubblica Amministrazione<\/p>\n<p>Compatibile con tutte le carte di identit\u00e0 elettroniche contactless come la nuova CIE Italiana, DNI, .beID, French eID, German eID, Poland eID<\/p>\n","protected":false},"featured_media":450,"comment_status":"open","ping_status":"closed","template":"","meta":[],"product_brand":[50],"product_cat":[18],"product_tag":[53,54,55,52,51,56],"class_list":{"0":"post-16","1":"product","2":"type-product","3":"status-publish","4":"has-post-thumbnail","6":"product_brand-blutronics","7":"product_cat-lettori-smart-card","8":"product_tag-cie","9":"product_tag-eid","10":"product_tag-iso14443","11":"product_tag-mifare","12":"product_tag-nfc","13":"product_tag-taurus-nfc","14":"post","16":"first","17":"instock","18":"sale","19":"taxable","20":"shipping-taxable","21":"purchasable","22":"product-type-simple"},"yoast_head":"<!-- This site is optimized with the Yoast SEO plugin v27.1.1 - https:\/\/yoast.com\/product\/yoast-seo-wordpress\/ -->\n<title>BLUTRONICS TAURUS NFC<\/title>\n<meta name=\"description\" content=\"BLUTRONICS TAURUS NFC Lettore di SmartCard Contactless 13,56Mhz USB CCID ISO14443 Carte d&#039;identit\u00e0 elettroniche Mifare, eId, eHealth, eGov\" \/>\n<meta name=\"robots\" content=\"index, follow, max-snippet:-1, max-image-preview:large, max-video-preview:-1\" \/>\n<link rel=\"canonical\" href=\"https:\/\/store.blutronics.com\/it\/product\/blutronics-taurus-nfc\/\" \/>\n<meta property=\"og:locale\" content=\"it_IT\" \/>\n<meta property=\"og:type\" content=\"article\" \/>\n<meta property=\"og:title\" content=\"BLUTRONICS TAURUS NFC Contactless SmartCard Reader 13.56Mhz USB CCID ISO14443 Mifare electronics identity cards, eId, eHealth, eGov\" \/>\n<meta property=\"og:description\" content=\"BLUTRONICS TAURUS NFC Lettore di SmartCard Contactless USB CCID ISO14443 Mifare il miglior dispositivo per utilizzare le ultime carte d&#039;identit\u00e0 elettroniche per eGov\" \/>\n<meta property=\"og:url\" content=\"https:\/\/store.blutronics.com\/en\/product\/blutronics-taurus-nfc\/\" \/>\n<meta property=\"og:site_name\" content=\"Smart Card Readers ISO7816 NFC | Official Store\" \/>\n<meta property=\"article:modified_time\" content=\"2025-09-22T14:14:26+00:00\" \/>\n<meta name=\"twitter:card\" content=\"summary_large_image\" \/>\n<meta name=\"twitter:title\" content=\"BLUTRONICS TAURUS NFC Contactless SmartCard Reader 13.56Mhz USB CCID ISO14443 Mifare electronics identity cards, eId, eHealth, eGov\" \/>\n<meta name=\"twitter:description\" content=\"BLUTRONICS TAURUS NFC Contactless SmartCard Reader USB CCID ISO14443 Mifare the best device to use the latest electronics identity cards for eGov\" \/>\n<meta name=\"twitter:label1\" content=\"Est. reading time\" \/>\n\t<meta name=\"twitter:data1\" content=\"1 minuto\" \/>\n<script type=\"application\/ld+json\" class=\"yoast-schema-graph\">{\"@context\":\"https:\/\/schema.org\",\"@graph\":[{\"@type\":\"WebPage\",\"@id\":\"https:\/\/store.blutronics.com\/it\/product\/blutronics-taurus-nfc\/\",\"url\":\"https:\/\/store.blutronics.com\/it\/en\/product\/blutronics-taurus-nfc\/\",\"name\":\"BLUTRONICS TAURUS NFC - Smart Card Readers ISO7816 NFC | Official Store\",\"isPartOf\":{\"@id\":\"https:\/\/store.blutronics.com\/#website\"},\"primaryImageOfPage\":{\"@id\":\"https:\/\/store.blutronics.com\/en\/product\/blutronics-taurus-nfc\/#primaryimage\"},\"image\":{\"@id\":\"https:\/\/store.blutronics.com\/en\/product\/blutronics-taurus-nfc\/#primaryimage\"},\"thumbnailUrl\":\"https:\/\/store.blutronics.com\/wp-content\/uploads\/2023\/05\/B0B9CBH58X.MAIN_-1.webp\",\"datePublished\":\"2023-05-08T10:12:38+00:00\",\"dateModified\":\"2025-09-22T14:14:26+00:00\",\"description\":\"BLUTRONICS TAURUS NFC Contactless SmartCard Reader 13.56Mhz USB CCID ISO14443 Mifare electronics identity cards, eId, eHealth, eGov\",\"breadcrumb\":{\"@id\":\"https:\/\/store.blutronics.com\/en\/product\/blutronics-taurus-nfc\/#breadcrumb\"},\"inLanguage\":\"it-IT\",\"potentialAction\":[{\"@type\":\"ReadAction\",\"target\":[\"https:\/\/store.blutronics.com\/en\/product\/blutronics-taurus-nfc\/\"]}]},{\"@type\":\"ImageObject\",\"inLanguage\":\"it-IT\",\"@id\":\"https:\/\/store.blutronics.com\/en\/product\/blutronics-taurus-nfc\/#primaryimage\",\"url\":\"https:\/\/store.blutronics.com\/wp-content\/uploads\/2023\/05\/B0B9CBH58X.MAIN_-1.webp\",\"contentUrl\":\"https:\/\/store.blutronics.com\/wp-content\/uploads\/2023\/05\/B0B9CBH58X.MAIN_-1.webp\",\"width\":2000,\"height\":2000,\"caption\":\"BLUTRONICS TAURUS NFC usb smartcard reader NFC\/ ISO14443 \/ Mifare, PC\/SC, CIE 3.0, eID\"},{\"@type\":\"BreadcrumbList\",\"@id\":\"https:\/\/store.blutronics.com\/en\/product\/blutronics-taurus-nfc\/#breadcrumb\",\"itemListElement\":[{\"@type\":\"ListItem\",\"position\":1,\"name\":\"Blutronics\",\"item\":\"https:\/\/store.blutronics.com\/\"},{\"@type\":\"ListItem\",\"position\":2,\"name\":\"Blutronics\",\"item\":\"https:\/\/store.blutronics.com\/\"},{\"@type\":\"ListItem\",\"position\":3,\"name\":\"BLUTRONICS TAURUS NFC\"}]},{\"@type\":\"WebSite\",\"@id\":\"https:\/\/store.blutronics.com\/it\/#website\",\"url\":\"https:\/\/store.blutronics.com\/it\/\",\"name\":\"store.blutronics.com\",\"description\":\"\",\"publisher\":{\"@id\":\"https:\/\/store.blutronics.com\/it\/#organization\"},\"potentialAction\":[{\"@type\":\"SearchAction\",\"target\":{\"@type\":\"EntryPoint\",\"urlTemplate\":\"https:\/\/store.blutronics.com\/it\/?s={search_term_string}\"},\"query-input\":{\"@type\":\"PropertyValueSpecification\",\"valueRequired\":true,\"valueName\":\"search_term_string\"}}],\"inLanguage\":\"it-IT\"},{\"@type\":\"Organization\",\"@id\":\"https:\/\/store.blutronics.com\/it\/#organization\",\"name\":\"BLUTRONICS\",\"alternateName\":\"BLUTRONICS\",\"url\":\"https:\/\/store.blutronics.com\/it\/\",\"logo\":{\"@type\":\"ImageObject\",\"inLanguage\":\"it-IT\",\"@id\":\"https:\/\/store.blutronics.com\/it\/#\/schema\/logo\/image\/\",\"url\":\"https:\/\/store.blutronics.com\/wp-content\/uploads\/2023\/06\/header_logo_black_300.webp\",\"contentUrl\":\"https:\/\/store.blutronics.com\/wp-content\/uploads\/2023\/06\/header_logo_black_300.webp\",\"width\":300,\"height\":32,\"caption\":\"BLUTRONICS\"},\"image\":{\"@id\":\"https:\/\/store.blutronics.com\/it\/#\/schema\/logo\/image\/\"}}]}<\/script>\n<!-- \/ Yoast SEO plugin. -->","yoast_head_json":{"title":"BLUTRONICS TAURUS NFC","description":"BLUTRONICS TAURUS NFC Lettore di SmartCard Contactless 13,56Mhz USB CCID ISO14443 Carte d'identit\u00e0 elettroniche Mifare, eId, eHealth, eGov","robots":{"index":"index","follow":"follow","max-snippet":"max-snippet:-1","max-image-preview":"max-image-preview:large","max-video-preview":"max-video-preview:-1"},"canonical":"https:\/\/store.blutronics.com\/it\/product\/blutronics-taurus-nfc\/","og_locale":"it_IT","og_type":"article","og_title":"BLUTRONICS TAURUS NFC Contactless SmartCard Reader 13.56Mhz USB CCID ISO14443 Mifare electronics identity cards, eId, eHealth, eGov","og_description":"BLUTRONICS TAURUS NFC Lettore di SmartCard Contactless USB CCID ISO14443 Mifare il miglior dispositivo per utilizzare le ultime carte d'identit\u00e0 elettroniche per eGov","og_url":"https:\/\/store.blutronics.com\/en\/product\/blutronics-taurus-nfc\/","og_site_name":"Smart Card Readers ISO7816 NFC | Official Store","article_modified_time":"2025-09-22T14:14:26+00:00","twitter_card":"summary_large_image","twitter_title":"BLUTRONICS TAURUS NFC Contactless SmartCard Reader 13.56Mhz USB CCID ISO14443 Mifare electronics identity cards, eId, eHealth, eGov","twitter_description":"BLUTRONICS TAURUS NFC Contactless SmartCard Reader USB CCID ISO14443 Mifare the best device to use the latest electronics identity cards for eGov","twitter_misc":{"Est. reading time":"1 minuto"},"schema":{"@context":"https:\/\/schema.org","@graph":[{"@type":"WebPage","@id":"https:\/\/store.blutronics.com\/it\/product\/blutronics-taurus-nfc\/","url":"https:\/\/store.blutronics.com\/it\/en\/product\/blutronics-taurus-nfc\/","name":"BLUTRONICS TAURUS NFC - Smart Card Readers ISO7816 NFC | Official Store","isPartOf":{"@id":"https:\/\/store.blutronics.com\/#website"},"primaryImageOfPage":{"@id":"https:\/\/store.blutronics.com\/en\/product\/blutronics-taurus-nfc\/#primaryimage"},"image":{"@id":"https:\/\/store.blutronics.com\/en\/product\/blutronics-taurus-nfc\/#primaryimage"},"thumbnailUrl":"https:\/\/store.blutronics.com\/wp-content\/uploads\/2023\/05\/B0B9CBH58X.MAIN_-1.webp","datePublished":"2023-05-08T10:12:38+00:00","dateModified":"2025-09-22T14:14:26+00:00","description":"BLUTRONICS TAURUS NFC Contactless SmartCard Reader 13.56Mhz USB CCID ISO14443 Mifare electronics identity cards, eId, eHealth, eGov","breadcrumb":{"@id":"https:\/\/store.blutronics.com\/en\/product\/blutronics-taurus-nfc\/#breadcrumb"},"inLanguage":"it-IT","potentialAction":[{"@type":"ReadAction","target":["https:\/\/store.blutronics.com\/en\/product\/blutronics-taurus-nfc\/"]}]},{"@type":"ImageObject","inLanguage":"it-IT","@id":"https:\/\/store.blutronics.com\/en\/product\/blutronics-taurus-nfc\/#primaryimage","url":"https:\/\/store.blutronics.com\/wp-content\/uploads\/2023\/05\/B0B9CBH58X.MAIN_-1.webp","contentUrl":"https:\/\/store.blutronics.com\/wp-content\/uploads\/2023\/05\/B0B9CBH58X.MAIN_-1.webp","width":2000,"height":2000,"caption":"BLUTRONICS TAURUS NFC usb smartcard reader NFC\/ ISO14443 \/ Mifare, PC\/SC, CIE 3.0, eID"},{"@type":"BreadcrumbList","@id":"https:\/\/store.blutronics.com\/en\/product\/blutronics-taurus-nfc\/#breadcrumb","itemListElement":[{"@type":"ListItem","position":1,"name":"Blutronics","item":"https:\/\/store.blutronics.com\/"},{"@type":"ListItem","position":2,"name":"Blutronics","item":"https:\/\/store.blutronics.com\/"},{"@type":"ListItem","position":3,"name":"BLUTRONICS TAURUS NFC"}]},{"@type":"WebSite","@id":"https:\/\/store.blutronics.com\/it\/#website","url":"https:\/\/store.blutronics.com\/it\/","name":"store.blutronics.com","description":"","publisher":{"@id":"https:\/\/store.blutronics.com\/it\/#organization"},"potentialAction":[{"@type":"SearchAction","target":{"@type":"EntryPoint","urlTemplate":"https:\/\/store.blutronics.com\/it\/?s={search_term_string}"},"query-input":{"@type":"PropertyValueSpecification","valueRequired":true,"valueName":"search_term_string"}}],"inLanguage":"it-IT"},{"@type":"Organization","@id":"https:\/\/store.blutronics.com\/it\/#organization","name":"BLUTRONICS","alternateName":"BLUTRONICS","url":"https:\/\/store.blutronics.com\/it\/","logo":{"@type":"ImageObject","inLanguage":"it-IT","@id":"https:\/\/store.blutronics.com\/it\/#\/schema\/logo\/image\/","url":"https:\/\/store.blutronics.com\/wp-content\/uploads\/2023\/06\/header_logo_black_300.webp","contentUrl":"https:\/\/store.blutronics.com\/wp-content\/uploads\/2023\/06\/header_logo_black_300.webp","width":300,"height":32,"caption":"BLUTRONICS"},"image":{"@id":"https:\/\/store.blutronics.com\/it\/#\/schema\/logo\/image\/"}}]}},"_links":{"self":[{"href":"https:\/\/store.blutronics.com\/it\/wp-json\/wp\/v2\/product\/16","targetHints":{"allow":["GET"]}}],"collection":[{"href":"https:\/\/store.blutronics.com\/it\/wp-json\/wp\/v2\/product"}],"about":[{"href":"https:\/\/store.blutronics.com\/it\/wp-json\/wp\/v2\/types\/product"}],"replies":[{"embeddable":true,"href":"https:\/\/store.blutronics.com\/it\/wp-json\/wp\/v2\/comments?post=16"}],"wp:featuredmedia":[{"embeddable":true,"href":"https:\/\/store.blutronics.com\/it\/wp-json\/wp\/v2\/media\/450"}],"wp:attachment":[{"href":"https:\/\/store.blutronics.com\/it\/wp-json\/wp\/v2\/media?parent=16"}],"wp:term":[{"taxonomy":"product_brand","embeddable":true,"href":"https:\/\/store.blutronics.com\/it\/wp-json\/wp\/v2\/product_brand?post=16"},{"taxonomy":"product_cat","embeddable":true,"href":"https:\/\/store.blutronics.com\/it\/wp-json\/wp\/v2\/product_cat?post=16"},{"taxonomy":"product_tag","embeddable":true,"href":"https:\/\/store.blutronics.com\/it\/wp-json\/wp\/v2\/product_tag?post=16"}],"curies":[{"name":"wp","href":"https:\/\/api.w.org\/{rel}","templated":true}]}}